{"id":472,"date":"2025-07-11T08:07:11","date_gmt":"2025-07-11T06:07:11","guid":{"rendered":"https:\/\/polroestudiart.com\/aviso-legal\/"},"modified":"2025-07-11T08:07:11","modified_gmt":"2025-07-11T06:07:11","slug":"aviso-legal","status":"publish","type":"page","link":"https:\/\/polroestudiart.com\/es\/aviso-legal\/","title":{"rendered":"Aviso Legal"},"content":{"rendered":"<h3 data-start=\"360\" data-end=\"388\">1. Datos identificativos<\/h3>\n<p data-start=\"390\" data-end=\"553\">En cumplimiento del deber de informaci\u00f3n establecido en el art\u00edculo 10 de la LSSI-CE, se reflejan a continuaci\u00f3n los datos identificativos del responsable del sitio web:<\/p>\n<ul data-start=\"555\" data-end=\"830\">\n<li data-start=\"555\" data-end=\"583\">\n<p data-start=\"557\" data-end=\"583\"><strong data-start=\"557\" data-end=\"575\">Nombre comercial:<\/strong> Polro<\/p>\n<\/li>\n<li data-start=\"584\" data-end=\"610\">\n<p data-start=\"586\" data-end=\"610\"><strong data-start=\"586\" data-end=\"602\">Responsable:<\/strong> Paula<\/p>\n<\/li>\n<li data-start=\"611\" data-end=\"633\">\n<p data-start=\"613\" data-end=\"633\"><strong data-start=\"613\" data-end=\"621\">NIF:<\/strong> 48251941B<\/p>\n<\/li>\n<li data-start=\"634\" data-end=\"675\">\n<p data-start=\"636\" data-end=\"675\"><strong data-start=\"636\" data-end=\"649\">Domicilio:<\/strong> C\/ Mart\u00ed Gralla, n\u00fam. 4<\/p>\n<\/li>\n<li data-start=\"676\" data-end=\"705\">\n<p data-start=\"678\" data-end=\"705\"><strong data-start=\"678\" data-end=\"690\">Tel\u00e9fono:<\/strong> 660 31 28 45<\/p>\n<\/li>\n<li data-start=\"706\" data-end=\"756\">\n<p data-start=\"708\" data-end=\"756\"><strong data-start=\"708\" data-end=\"730\">Correo electr\u00f3nico:<\/strong> <a class=\"cursor-pointer\" rel=\"noopener\" data-start=\"731\" data-end=\"754\">paulaolro.art@gmail.com<\/a><\/p>\n<\/li>\n<li data-start=\"757\" data-end=\"830\">\n<p data-start=\"759\" data-end=\"830\"><strong data-start=\"759\" data-end=\"774\">Dominio web:<\/strong> <a class=\"\" href=\"http:\/\/www.polroestudiart.com\" target=\"_new\" rel=\"noopener\" data-start=\"775\" data-end=\"830\">www.polroestudiart.com<\/a><\/p>\n<\/li>\n<\/ul>\n<h3 data-start=\"832\" data-end=\"861\">2. Finalidad del sitio web<\/h3>\n<p data-start=\"863\" data-end=\"1039\">Este sitio web tiene por objeto ofrecer informaci\u00f3n sobre los servicios art\u00edsticos y creativos que presta Polro, as\u00ed como establecer un canal de comunicaci\u00f3n con los usuarios interesados.<\/p>\n<h3 data-start=\"1041\" data-end=\"1063\">3. Condiciones de uso<\/h3>\n<p data-start=\"1065\" data-end=\"1331\">El acceso y uso de este sitio web atribuye la condici\u00f3n de usuario e implica la aceptaci\u00f3n plena y sin reservas de todas las disposiciones de este Aviso Legal. El usuario se compromete a hacer un uso correcto del sitio web, conforme a la legislaci\u00f3n vigente y al presente documento. <\/p>\n<h3 data-start=\"1333\" data-end=\"1376\">4. Propiedad intelectual e industrial<\/h3>\n<p data-start=\"1378\" data-end=\"1706\">Todos los contenidos del sitio web (textos, im\u00e1genes, dise\u00f1os, logotipos, v\u00eddeos, c\u00f3digo fuente, etc.) son titularidad de Paula o dispone de los derechos correspondientes. En ning\u00fan caso se podr\u00e1n entender cedidos al usuario ning\u00fan derecho de explotaci\u00f3n sobre estos contenidos m\u00e1s all\u00e1 de lo que sea estrictamente necesario para el uso correcto del sitio. <\/p>\n<p data-start=\"1708\" data-end=\"1851\">Queda prohibida la reproducci\u00f3n, distribuci\u00f3n, transformaci\u00f3n o comunicaci\u00f3n p\u00fablica del contenido del web sin autorizaci\u00f3n expresa del titular.<\/p>\n<h3 data-start=\"1853\" data-end=\"1875\">5. Responsabilidad<\/h3>\n<p data-start=\"1877\" data-end=\"2140\">Polro no se hace responsable de los da\u00f1os o perjuicios que se puedan derivar de interferencias, omisiones, interrupciones, virus inform\u00e1ticos o desconexiones motivadas por causas ajenas. Tampoco asume responsabilidades por la informaci\u00f3n contenida en enlaces externos. <\/p>\n<h3 data-start=\"2142\" data-end=\"2167\">6. Enlaces a terceros<\/h3>\n<p data-start=\"2169\" data-end=\"2404\">Este sitio web puede contener enlaces a p\u00e1ginas externas. Polro no asume ninguna responsabilidad sobre el contenido, exactitud o funcionamiento de estos sitios externos. La inclusi\u00f3n de estos enlaces no implica ninguna relaci\u00f3n ni recomendaci\u00f3n.  <\/p>\n<h3 data-start=\"2406\" data-end=\"2447\">7. Legislaci\u00f3n aplicable y jurisdicci\u00f3n<\/h3>\n<p data-start=\"2449\" data-end=\"2686\">Este Aviso Legal se rige por la legislaci\u00f3n espa\u00f1ola. Para cualquier controversia que pueda surgir, las partes se someter\u00e1n a los Juzgados y Tribunales de Barcelona, con renuncia expresa a cualquier otro fuero que les pudiera corresponder. <\/p>\n","protected":false},"excerpt":{"rendered":"<p>1. Datos identificativos En cumplimiento del deber de informaci\u00f3n establecido en el art\u00edculo 10 de la LSSI-CE, se reflejan a continuaci\u00f3n los datos identificativos del responsable del sitio web: Nombre comercial: Polro Responsable: Paula NIF: 48251941B Domicilio: C\/ Mart\u00ed Gralla, n\u00fam. 4 Tel\u00e9fono: 660 31&#8230;<\/p>\n","protected":false},"author":1,"featured_media":471,"parent":0,"menu_order":0,"comment_status":"closed","ping_status":"closed","template":"","meta":{"footnotes":""},"class_list":["post-472","page","type-page","status-publish","has-post-thumbnail","hentry"],"yoast_head":"<!-- This site is optimized with the Yoast SEO plugin v27.3 - https:\/\/yoast.com\/product\/yoast-seo-wordpress\/ -->\n<title>Aviso Legal - Tallers Paula Olivares<\/title>\n<meta name=\"robots\" content=\"noindex, nofollow\" \/>\n<meta property=\"og:locale\" content=\"es_ES\" \/>\n<meta property=\"og:type\" content=\"article\" \/>\n<meta property=\"og:title\" content=\"Aviso Legal - Tallers Paula Olivares\" \/>\n<meta property=\"og:description\" content=\"1. Datos identificativos En cumplimiento del deber de informaci\u00f3n establecido en el art\u00edculo 10 de la LSSI-CE, se reflejan a continuaci\u00f3n los datos identificativos del responsable del sitio web: Nombre comercial: Polro Responsable: Paula NIF: 48251941B Domicilio: C\/ Mart\u00ed Gralla, n\u00fam. 4 Tel\u00e9fono: 660 31...\" \/>\n<meta property=\"og:url\" content=\"https:\/\/polroestudiart.com\/es\/aviso-legal\/\" \/>\n<meta property=\"og:site_name\" content=\"Polro Estudi d&#039;Art a Lleida | Tallers Creatius amb Paula Olivares\" \/>\n<meta property=\"og:image\" content=\"https:\/\/polroestudiart.com\/wp-content\/uploads\/2025\/07\/logo-POLRO-web.png\" \/>\n\t<meta property=\"og:image:width\" content=\"259\" \/>\n\t<meta property=\"og:image:height\" content=\"100\" \/>\n\t<meta property=\"og:image:type\" content=\"image\/png\" \/>\n<meta name=\"twitter:card\" content=\"summary_large_image\" \/>\n<meta name=\"twitter:label1\" content=\"Tiempo de lectura\" \/>\n\t<meta name=\"twitter:data1\" content=\"2 minutos\" \/>\n<script type=\"application\/ld+json\" class=\"yoast-schema-graph\">{\"@context\":\"https:\\\/\\\/schema.org\",\"@graph\":[{\"@type\":\"WebPage\",\"@id\":\"https:\\\/\\\/polroestudiart.com\\\/es\\\/aviso-legal\\\/\",\"url\":\"https:\\\/\\\/polroestudiart.com\\\/es\\\/aviso-legal\\\/\",\"name\":\"Aviso Legal - Tallers Paula Olivares\",\"isPartOf\":{\"@id\":\"https:\\\/\\\/polroestudiart.com\\\/es\\\/#website\"},\"primaryImageOfPage\":{\"@id\":\"https:\\\/\\\/polroestudiart.com\\\/es\\\/aviso-legal\\\/#primaryimage\"},\"image\":{\"@id\":\"https:\\\/\\\/polroestudiart.com\\\/es\\\/aviso-legal\\\/#primaryimage\"},\"thumbnailUrl\":\"https:\\\/\\\/polroestudiart.com\\\/wp-content\\\/uploads\\\/2025\\\/07\\\/logo-POLRO-web.png\",\"datePublished\":\"2025-07-11T06:07:11+00:00\",\"breadcrumb\":{\"@id\":\"https:\\\/\\\/polroestudiart.com\\\/es\\\/aviso-legal\\\/#breadcrumb\"},\"inLanguage\":\"es\",\"potentialAction\":[{\"@type\":\"ReadAction\",\"target\":[\"https:\\\/\\\/polroestudiart.com\\\/es\\\/aviso-legal\\\/\"]}]},{\"@type\":\"ImageObject\",\"inLanguage\":\"es\",\"@id\":\"https:\\\/\\\/polroestudiart.com\\\/es\\\/aviso-legal\\\/#primaryimage\",\"url\":\"https:\\\/\\\/polroestudiart.com\\\/wp-content\\\/uploads\\\/2025\\\/07\\\/logo-POLRO-web.png\",\"contentUrl\":\"https:\\\/\\\/polroestudiart.com\\\/wp-content\\\/uploads\\\/2025\\\/07\\\/logo-POLRO-web.png\",\"width\":259,\"height\":100,\"caption\":\"logo POLRO web\"},{\"@type\":\"BreadcrumbList\",\"@id\":\"https:\\\/\\\/polroestudiart.com\\\/es\\\/aviso-legal\\\/#breadcrumb\",\"itemListElement\":[{\"@type\":\"ListItem\",\"position\":1,\"name\":\"Portada\",\"item\":\"https:\\\/\\\/polroestudiart.com\\\/es\\\/\"},{\"@type\":\"ListItem\",\"position\":2,\"name\":\"Aviso Legal\"}]},{\"@type\":\"WebSite\",\"@id\":\"https:\\\/\\\/polroestudiart.com\\\/es\\\/#website\",\"url\":\"https:\\\/\\\/polroestudiart.com\\\/es\\\/\",\"name\":\"Polro Estudi d'Art\",\"description\":\"A POLRO treballem amb passi\u00f3 i dedicaci\u00f3, amb molts ganes d\u2019ensenyar i compartir l\u2019art. Oferim classes de dibuix i pintura per a totes les edats, aix\u00ed com tallers art\u00edstics, en un espai acollidor que inspira i motiva a crear.\",\"publisher\":{\"@id\":\"https:\\\/\\\/polroestudiart.com\\\/es\\\/#\\\/schema\\\/person\\\/6ec2e00e645c12cae5d42b6a567e7552\"},\"potentialAction\":[{\"@type\":\"SearchAction\",\"target\":{\"@type\":\"EntryPoint\",\"urlTemplate\":\"https:\\\/\\\/polroestudiart.com\\\/es\\\/?s={search_term_string}\"},\"query-input\":{\"@type\":\"PropertyValueSpecification\",\"valueRequired\":true,\"valueName\":\"search_term_string\"}}],\"inLanguage\":\"es\"},{\"@type\":[\"Person\",\"Organization\"],\"@id\":\"https:\\\/\\\/polroestudiart.com\\\/es\\\/#\\\/schema\\\/person\\\/6ec2e00e645c12cae5d42b6a567e7552\",\"name\":\"Paula\",\"image\":{\"@type\":\"ImageObject\",\"inLanguage\":\"es\",\"@id\":\"https:\\\/\\\/polroestudiart.com\\\/wp-content\\\/uploads\\\/2025\\\/07\\\/logo-POLRO-dispositius.png\",\"url\":\"https:\\\/\\\/polroestudiart.com\\\/wp-content\\\/uploads\\\/2025\\\/07\\\/logo-POLRO-dispositius.png\",\"contentUrl\":\"https:\\\/\\\/polroestudiart.com\\\/wp-content\\\/uploads\\\/2025\\\/07\\\/logo-POLRO-dispositius.png\",\"width\":150,\"height\":58,\"caption\":\"Paula\"},\"logo\":{\"@id\":\"https:\\\/\\\/polroestudiart.com\\\/wp-content\\\/uploads\\\/2025\\\/07\\\/logo-POLRO-dispositius.png\"},\"sameAs\":[\"http:\\\/\\\/polroestudiart.com\"]}]}<\/script>\n<!-- \/ Yoast SEO plugin. -->","yoast_head_json":{"title":"Aviso Legal - Tallers Paula Olivares","robots":{"index":"noindex","follow":"nofollow"},"og_locale":"es_ES","og_type":"article","og_title":"Aviso Legal - Tallers Paula Olivares","og_description":"1. Datos identificativos En cumplimiento del deber de informaci\u00f3n establecido en el art\u00edculo 10 de la LSSI-CE, se reflejan a continuaci\u00f3n los datos identificativos del responsable del sitio web: Nombre comercial: Polro Responsable: Paula NIF: 48251941B Domicilio: C\/ Mart\u00ed Gralla, n\u00fam. 4 Tel\u00e9fono: 660 31...","og_url":"https:\/\/polroestudiart.com\/es\/aviso-legal\/","og_site_name":"Polro Estudi d&#039;Art a Lleida | Tallers Creatius amb Paula Olivares","og_image":[{"width":259,"height":100,"url":"https:\/\/polroestudiart.com\/wp-content\/uploads\/2025\/07\/logo-POLRO-web.png","type":"image\/png"}],"twitter_card":"summary_large_image","twitter_misc":{"Tiempo de lectura":"2 minutos"},"schema":{"@context":"https:\/\/schema.org","@graph":[{"@type":"WebPage","@id":"https:\/\/polroestudiart.com\/es\/aviso-legal\/","url":"https:\/\/polroestudiart.com\/es\/aviso-legal\/","name":"Aviso Legal - Tallers Paula Olivares","isPartOf":{"@id":"https:\/\/polroestudiart.com\/es\/#website"},"primaryImageOfPage":{"@id":"https:\/\/polroestudiart.com\/es\/aviso-legal\/#primaryimage"},"image":{"@id":"https:\/\/polroestudiart.com\/es\/aviso-legal\/#primaryimage"},"thumbnailUrl":"https:\/\/polroestudiart.com\/wp-content\/uploads\/2025\/07\/logo-POLRO-web.png","datePublished":"2025-07-11T06:07:11+00:00","breadcrumb":{"@id":"https:\/\/polroestudiart.com\/es\/aviso-legal\/#breadcrumb"},"inLanguage":"es","potentialAction":[{"@type":"ReadAction","target":["https:\/\/polroestudiart.com\/es\/aviso-legal\/"]}]},{"@type":"ImageObject","inLanguage":"es","@id":"https:\/\/polroestudiart.com\/es\/aviso-legal\/#primaryimage","url":"https:\/\/polroestudiart.com\/wp-content\/uploads\/2025\/07\/logo-POLRO-web.png","contentUrl":"https:\/\/polroestudiart.com\/wp-content\/uploads\/2025\/07\/logo-POLRO-web.png","width":259,"height":100,"caption":"logo POLRO web"},{"@type":"BreadcrumbList","@id":"https:\/\/polroestudiart.com\/es\/aviso-legal\/#breadcrumb","itemListElement":[{"@type":"ListItem","position":1,"name":"Portada","item":"https:\/\/polroestudiart.com\/es\/"},{"@type":"ListItem","position":2,"name":"Aviso Legal"}]},{"@type":"WebSite","@id":"https:\/\/polroestudiart.com\/es\/#website","url":"https:\/\/polroestudiart.com\/es\/","name":"Polro Estudi d'Art","description":"A POLRO treballem amb passi\u00f3 i dedicaci\u00f3, amb molts ganes d\u2019ensenyar i compartir l\u2019art. Oferim classes de dibuix i pintura per a totes les edats, aix\u00ed com tallers art\u00edstics, en un espai acollidor que inspira i motiva a crear.","publisher":{"@id":"https:\/\/polroestudiart.com\/es\/#\/schema\/person\/6ec2e00e645c12cae5d42b6a567e7552"},"potentialAction":[{"@type":"SearchAction","target":{"@type":"EntryPoint","urlTemplate":"https:\/\/polroestudiart.com\/es\/?s={search_term_string}"},"query-input":{"@type":"PropertyValueSpecification","valueRequired":true,"valueName":"search_term_string"}}],"inLanguage":"es"},{"@type":["Person","Organization"],"@id":"https:\/\/polroestudiart.com\/es\/#\/schema\/person\/6ec2e00e645c12cae5d42b6a567e7552","name":"Paula","image":{"@type":"ImageObject","inLanguage":"es","@id":"https:\/\/polroestudiart.com\/wp-content\/uploads\/2025\/07\/logo-POLRO-dispositius.png","url":"https:\/\/polroestudiart.com\/wp-content\/uploads\/2025\/07\/logo-POLRO-dispositius.png","contentUrl":"https:\/\/polroestudiart.com\/wp-content\/uploads\/2025\/07\/logo-POLRO-dispositius.png","width":150,"height":58,"caption":"Paula"},"logo":{"@id":"https:\/\/polroestudiart.com\/wp-content\/uploads\/2025\/07\/logo-POLRO-dispositius.png"},"sameAs":["http:\/\/polroestudiart.com"]}]}},"_links":{"self":[{"href":"https:\/\/polroestudiart.com\/es\/wp-json\/wp\/v2\/pages\/472","targetHints":{"allow":["GET"]}}],"collection":[{"href":"https:\/\/polroestudiart.com\/es\/wp-json\/wp\/v2\/pages"}],"about":[{"href":"https:\/\/polroestudiart.com\/es\/wp-json\/wp\/v2\/types\/page"}],"author":[{"embeddable":true,"href":"https:\/\/polroestudiart.com\/es\/wp-json\/wp\/v2\/users\/1"}],"replies":[{"embeddable":true,"href":"https:\/\/polroestudiart.com\/es\/wp-json\/wp\/v2\/comments?post=472"}],"version-history":[{"count":0,"href":"https:\/\/polroestudiart.com\/es\/wp-json\/wp\/v2\/pages\/472\/revisions"}],"wp:featuredmedia":[{"embeddable":true,"href":"https:\/\/polroestudiart.com\/es\/wp-json\/wp\/v2\/media\/471"}],"wp:attachment":[{"href":"https:\/\/polroestudiart.com\/es\/wp-json\/wp\/v2\/media?parent=472"}],"curies":[{"name":"wp","href":"https:\/\/api.w.org\/{rel}","templated":true}]}}