{"id":482,"date":"2025-07-31T11:47:34","date_gmt":"2025-07-31T09:47:34","guid":{"rendered":"https:\/\/polroestudiart.com\/curso-mixto-dibujo-pintura-y-manualidades-de-6-a-10-anos\/"},"modified":"2025-09-16T23:34:00","modified_gmt":"2025-09-16T21:34:00","slug":"curso-mixto-dibujo-pintura-y-manualidades-de-6-a-10-anos","status":"publish","type":"page","link":"https:\/\/polroestudiart.com\/es\/curso-mixto-dibujo-pintura-y-manualidades-de-6-a-10-anos\/","title":{"rendered":"Curso Mixto \u2013 Dibujo, Pintura y Manualidades \u2013 de 6 a 10 a\u00f1os"},"content":{"rendered":"<div class=\"wpb-content-wrapper\"><p>[vc_row css_animation=\u00bb\u00bb row_type=\u00bbrow\u00bb use_row_as_full_screen_section=\u00bbno\u00bb type=\u00bbfull_width\u00bb angled_section=\u00bbno\u00bb text_align=\u00bbleft\u00bb background_image_as_pattern=\u00bbwithout_pattern\u00bb][vc_column][vc_empty_space height=\u00bb70px\u00bb][vc_column_text css=\u00bb\u00bb]<\/p>\n<h1 style=\"text-align: center;\">Curso Mixto \u2013 Dibujo, Pintura y Manualidades \u2013 de 6 a 10 a\u00f1os<\/h1>\n<p>[\/vc_column_text][vc_empty_space height=\u00bb50px\u00bb][vc_row_inner row_type=\u00bbrow\u00bb type=\u00bbfull_width\u00bb text_align=\u00bbcenter\u00bb css_animation=\u00bb\u00bb side_padding=\u00bb4&#8243;][vc_column_inner width=\u00bb2\/3&#8243;][\/vc_column_inner][vc_column_inner width=\u00bb1\/3&#8243; css=\u00bb.vc_custom_1754056817557{background-color: #FFFFFF !important;border-radius: 15px !important;}\u00bb][vc_empty_space height=\u00bb50px\u00bb][\/vc_column_inner][\/vc_row_inner][vc_row_inner row_type=\u00bbrow\u00bb type=\u00bbfull_width\u00bb text_align=\u00bbcenter\u00bb css_animation=\u00bb\u00bb side_padding=\u00bb4&#8243;][vc_column_inner width=\u00bb2\/3&#8243;][vc_column_text css=\u00bb\u00bb]\u00a1Un espacio para explorar, jugar y crear!<\/p>\n<p>&nbsp;<\/p>\n<p>Este curso es ideal para ni\u00f1os que se encuentren en medio del <strong>juego creativo y el desenvolupamento de habilidades art\u00edsticas<\/strong>.<\/p>\n<p>&nbsp;<\/p>\n<p>Combinamos lo mejor de la<strong>expresi\u00f3n libre<\/strong> con las primeras <strong>t\u00e9cnicas del dibujo y la pintura<\/strong>, en un entorno acogedor, estimulante y adaptado a cada etapa.<\/p>\n<p>&nbsp;<\/p>\n<p><strong>Experimentaremos con distintos materiales, texturas y colores<\/strong>, combinando manualidades creativas con actividades de <strong>trazo, composici\u00f3n, pintura y observaci\u00f3n<\/strong>. Queremos que cada ni\u00f1o y ni\u00f1a se sienta <strong>libre de crear, pero tambi\u00e9n acompa\u00f1ado<\/strong> en su proceso de aprendizage art\u00edstico.<\/p>\n<p>&nbsp;<\/p>\n<div class=\"page\" title=\"Page 2\">\n<div class=\"layoutArea\">\n<div class=\"column\">\n<p>Es un curso perfecto para continuar explorando el <strong>arte de manera divertida<\/strong>, mientras se <strong>desenvolupan habilidades <\/strong>como<strong> la paciencia, la concentracio\u0301n y la creatividad<\/strong>.<\/p>\n<p>&nbsp;<\/p><\/div>\n<\/div>\n<\/div>\n<p>[\/vc_column_text][\/vc_column_inner][vc_column_inner width=\u00bb1\/3&#8243; css=\u00bb.vc_custom_1753971835517{background-color: #1E73BE !important;border-radius: 15px !important;}\u00bb][vc_column_text css=\u00bb\u00bb]<\/p>\n<p style=\"text-align: center;\"><span style=\"color: #ffffff;\"><strong>Horarios:<\/strong> viernes<\/span><br \/>\n<span style=\"color: #ffffff;\"><strong>Hora:<\/strong> de 17:30 h a 19:00 h<\/span><br \/>\n<span style=\"color: #ffffff;\"><strong>Edad:<\/strong> de 6 a 10 a\u00f1os<\/span><br \/>\n<span style=\"color: #ffffff;\"><strong>Materiales:<\/strong> material incluido<\/span><br \/>\n<span style=\"color: #ffffff;\"><strong>Matr\u00edcula y material:<\/strong> 50\u20ac<\/span><br \/>\n<span style=\"color: #ffffff;\"><strong>Mensualidad:<\/strong> 55\u20ac<\/span><\/p>\n<p>[\/vc_column_text][vc_empty_space height=\u00bb50px\u00bb][\/vc_column_inner][\/vc_row_inner][\/vc_column][\/vc_row][vc_row css_animation=\u00bb\u00bb row_type=\u00bbrow\u00bb use_row_as_full_screen_section=\u00bbno\u00bb type=\u00bbfull_width\u00bb angled_section=\u00bbno\u00bb text_align=\u00bbleft\u00bb background_image_as_pattern=\u00bbwithout_pattern\u00bb z_index=\u00bb\u00bb side_padding=\u00bb4&#8243;][vc_column][vc_empty_space height=\u00bb50px\u00bb]<div class=\"qode-advanced-image-gallery  qode-aig-masonry-type qode-small-space   \">\n\t<div class=\"qode-aig-inner qode-outer-space qode-aig-masonry qode-aig-three-columns\">\n\t\t<div class=\"qode-aig-grid-sizer\"><\/div>\n\t\t<div class=\"qode-aig-grid-gutter\"><\/div>\n\t\t\t\t\t\t\t\t<div class=\"qode-aig-image qode-item-space qode-aig-default-masonry-item\">\n\t\t\t\t<div class=\"qode-aig-image-inner\">\n\t\t\t\t\t\t\t\t\t\t\t<img decoding=\"async\" width=\"450\" height=\"600\" src=\"https:\/\/polroestudiart.com\/wp-content\/uploads\/2025\/08\/mixt-1.webp\" class=\"attachment-large size-large\" alt=\"curs mixt Polro Lleida\" srcset=\"https:\/\/polroestudiart.com\/wp-content\/uploads\/2025\/08\/mixt-1.webp 450w, https:\/\/polroestudiart.com\/wp-content\/uploads\/2025\/08\/mixt-1-225x300.webp 225w\" sizes=\"(max-width: 450px) 100vw, 450px\" \/>\t\t\t\t\t\t<span class=\"aig-gallery-hover\">\n\t\t\t\t\t\t\t\t\t\t\t\t\t<\/span>\n\t\t\t\t\t\t\t\t\t<\/div>\n\t\t\t<\/div>\n\t\t\t\t\t\t\t\t\t\t\t<div class=\"qode-aig-image qode-item-space qode-aig-default-masonry-item\">\n\t\t\t\t<div class=\"qode-aig-image-inner\">\n\t\t\t\t\t\t\t\t\t\t\t<img decoding=\"async\" width=\"338\" height=\"600\" src=\"https:\/\/polroestudiart.com\/wp-content\/uploads\/2025\/08\/mixt-2.webp\" class=\"attachment-large size-large\" alt=\"curs mixt Polro Lleida\" srcset=\"https:\/\/polroestudiart.com\/wp-content\/uploads\/2025\/08\/mixt-2.webp 338w, https:\/\/polroestudiart.com\/wp-content\/uploads\/2025\/08\/mixt-2-169x300.webp 169w\" sizes=\"(max-width: 338px) 100vw, 338px\" \/>\t\t\t\t\t\t<span class=\"aig-gallery-hover\">\n\t\t\t\t\t\t\t\t\t\t\t\t\t<\/span>\n\t\t\t\t\t\t\t\t\t<\/div>\n\t\t\t<\/div>\n\t\t\t\t\t\t\t\t\t\t\t<div class=\"qode-aig-image qode-item-space qode-aig-default-masonry-item\">\n\t\t\t\t<div class=\"qode-aig-image-inner\">\n\t\t\t\t\t\t\t\t\t\t\t<img decoding=\"async\" width=\"450\" height=\"600\" src=\"https:\/\/polroestudiart.com\/wp-content\/uploads\/2025\/08\/mixt-3.webp\" class=\"attachment-large size-large\" alt=\"curs mixt Polro Lleida\" srcset=\"https:\/\/polroestudiart.com\/wp-content\/uploads\/2025\/08\/mixt-3.webp 450w, https:\/\/polroestudiart.com\/wp-content\/uploads\/2025\/08\/mixt-3-225x300.webp 225w\" sizes=\"(max-width: 450px) 100vw, 450px\" \/>\t\t\t\t\t\t<span class=\"aig-gallery-hover\">\n\t\t\t\t\t\t\t\t\t\t\t\t\t<\/span>\n\t\t\t\t\t\t\t\t\t<\/div>\n\t\t\t<\/div>\n\t\t\t\t\t\t\t\t\t\t\t<div class=\"qode-aig-image qode-item-space qode-aig-default-masonry-item\">\n\t\t\t\t<div class=\"qode-aig-image-inner\">\n\t\t\t\t\t\t\t\t\t\t\t<img decoding=\"async\" width=\"450\" height=\"600\" src=\"https:\/\/polroestudiart.com\/wp-content\/uploads\/2025\/08\/mixt-4.webp\" class=\"attachment-large size-large\" alt=\"curs mixt Polro Lleida\" srcset=\"https:\/\/polroestudiart.com\/wp-content\/uploads\/2025\/08\/mixt-4.webp 450w, https:\/\/polroestudiart.com\/wp-content\/uploads\/2025\/08\/mixt-4-225x300.webp 225w\" sizes=\"(max-width: 450px) 100vw, 450px\" \/>\t\t\t\t\t\t<span class=\"aig-gallery-hover\">\n\t\t\t\t\t\t\t\t\t\t\t\t\t<\/span>\n\t\t\t\t\t\t\t\t\t<\/div>\n\t\t\t<\/div>\n\t\t\t\t\t\t\t\t\t\t\t<div class=\"qode-aig-image qode-item-space qode-aig-default-masonry-item\">\n\t\t\t\t<div class=\"qode-aig-image-inner\">\n\t\t\t\t\t\t\t\t\t\t\t<img decoding=\"async\" width=\"450\" height=\"600\" src=\"https:\/\/polroestudiart.com\/wp-content\/uploads\/2025\/08\/mixt-5.webp\" class=\"attachment-large size-large\" alt=\"curs mixt Polro Lleida\" srcset=\"https:\/\/polroestudiart.com\/wp-content\/uploads\/2025\/08\/mixt-5.webp 450w, https:\/\/polroestudiart.com\/wp-content\/uploads\/2025\/08\/mixt-5-225x300.webp 225w\" sizes=\"(max-width: 450px) 100vw, 450px\" \/>\t\t\t\t\t\t<span class=\"aig-gallery-hover\">\n\t\t\t\t\t\t\t\t\t\t\t\t\t<\/span>\n\t\t\t\t\t\t\t\t\t<\/div>\n\t\t\t<\/div>\n\t\t\t\t\t\t\t\t\t\t\t<div class=\"qode-aig-image qode-item-space qode-aig-default-masonry-item\">\n\t\t\t\t<div class=\"qode-aig-image-inner\">\n\t\t\t\t\t\t\t\t\t\t\t<img decoding=\"async\" width=\"450\" height=\"600\" src=\"https:\/\/polroestudiart.com\/wp-content\/uploads\/2025\/08\/mixt-6.webp\" class=\"attachment-large size-large\" alt=\"curs mixt Polro Lleida\" srcset=\"https:\/\/polroestudiart.com\/wp-content\/uploads\/2025\/08\/mixt-6.webp 450w, https:\/\/polroestudiart.com\/wp-content\/uploads\/2025\/08\/mixt-6-225x300.webp 225w\" sizes=\"(max-width: 450px) 100vw, 450px\" \/>\t\t\t\t\t\t<span class=\"aig-gallery-hover\">\n\t\t\t\t\t\t\t\t\t\t\t\t\t<\/span>\n\t\t\t\t\t\t\t\t\t<\/div>\n\t\t\t<\/div>\n\t\t\t\t\t\t\t\t\t\t\t<div class=\"qode-aig-image qode-item-space qode-aig-default-masonry-item\">\n\t\t\t\t<div class=\"qode-aig-image-inner\">\n\t\t\t\t\t\t\t\t\t\t\t<img decoding=\"async\" width=\"450\" height=\"600\" src=\"https:\/\/polroestudiart.com\/wp-content\/uploads\/2025\/08\/mixt-7.webp\" class=\"attachment-large size-large\" alt=\"curs mixt Polro Lleida\" srcset=\"https:\/\/polroestudiart.com\/wp-content\/uploads\/2025\/08\/mixt-7.webp 450w, https:\/\/polroestudiart.com\/wp-content\/uploads\/2025\/08\/mixt-7-225x300.webp 225w\" sizes=\"(max-width: 450px) 100vw, 450px\" \/>\t\t\t\t\t\t<span class=\"aig-gallery-hover\">\n\t\t\t\t\t\t\t\t\t\t\t\t\t<\/span>\n\t\t\t\t\t\t\t\t\t<\/div>\n\t\t\t<\/div>\n\t\t\t\t\t\t\t\t\t\t\t<div class=\"qode-aig-image qode-item-space qode-aig-default-masonry-item\">\n\t\t\t\t<div class=\"qode-aig-image-inner\">\n\t\t\t\t\t\t\t\t\t\t\t<img decoding=\"async\" width=\"338\" height=\"600\" src=\"https:\/\/polroestudiart.com\/wp-content\/uploads\/2025\/08\/mixt-8.webp\" class=\"attachment-large size-large\" alt=\"curs mixt Polro Lleida\" srcset=\"https:\/\/polroestudiart.com\/wp-content\/uploads\/2025\/08\/mixt-8.webp 338w, https:\/\/polroestudiart.com\/wp-content\/uploads\/2025\/08\/mixt-8-169x300.webp 169w\" sizes=\"(max-width: 338px) 100vw, 338px\" \/>\t\t\t\t\t\t<span class=\"aig-gallery-hover\">\n\t\t\t\t\t\t\t\t\t\t\t\t\t<\/span>\n\t\t\t\t\t\t\t\t\t<\/div>\n\t\t\t<\/div>\n\t\t\t\t\t\t\t\t\t\t\t<div class=\"qode-aig-image qode-item-space qode-aig-default-masonry-item\">\n\t\t\t\t<div class=\"qode-aig-image-inner\">\n\t\t\t\t\t\t\t\t\t\t\t<img decoding=\"async\" width=\"450\" height=\"600\" src=\"https:\/\/polroestudiart.com\/wp-content\/uploads\/2025\/08\/mixt.webp\" class=\"attachment-large size-large\" alt=\"curs mixt Polro Lleida\" srcset=\"https:\/\/polroestudiart.com\/wp-content\/uploads\/2025\/08\/mixt.webp 450w, https:\/\/polroestudiart.com\/wp-content\/uploads\/2025\/08\/mixt-225x300.webp 225w\" sizes=\"(max-width: 450px) 100vw, 450px\" \/>\t\t\t\t\t\t<span class=\"aig-gallery-hover\">\n\t\t\t\t\t\t\t\t\t\t\t\t\t<\/span>\n\t\t\t\t\t\t\t\t\t<\/div>\n\t\t\t<\/div>\n\t\t\t\t\t\t<\/div>\n<\/div>[vc_empty_space height=\u00bb70px\u00bb][vc_row_inner row_type=\u00bbrow\u00bb type=\u00bbfull_width\u00bb text_align=\u00bbleft\u00bb css_animation=\u00bb\u00bb][vc_column_inner width=\u00bb1\/2&#8243;][vc_goo_maps location=\u00bbCarrer Bar\u00f3 de Maials, 66, 25005, Lleida\u00bb zoom=\u00bb15&#8243; css=\u00bb\u00bb][\/vc_column_inner][vc_column_inner width=\u00bb1\/2&#8243;]\n<div class=\"wpcf7 no-js\" id=\"wpcf7-f470-o1\" lang=\"es-ES\" dir=\"ltr\" data-wpcf7-id=\"470\">\n<div class=\"screen-reader-response\"><p role=\"status\" aria-live=\"polite\" aria-atomic=\"true\"><\/p> <ul><\/ul><\/div>\n<form action=\"\/es\/wp-json\/wp\/v2\/pages\/482#wpcf7-f470-o1\" method=\"post\" class=\"wpcf7-form init cf7_custom_style_1\" aria-label=\"Formulario de contacto\" novalidate=\"novalidate\" data-status=\"init\">\n<fieldset class=\"hidden-fields-container\"><input type=\"hidden\" name=\"_wpcf7\" value=\"470\" \/><input type=\"hidden\" name=\"_wpcf7_version\" value=\"6.1.5\" \/><input type=\"hidden\" name=\"_wpcf7_locale\" value=\"es_ES\" \/><input type=\"hidden\" name=\"_wpcf7_unit_tag\" value=\"wpcf7-f470-o1\" \/><input type=\"hidden\" name=\"_wpcf7_container_post\" value=\"0\" \/><input type=\"hidden\" name=\"_wpcf7_posted_data_hash\" value=\"\" \/><input type=\"hidden\" name=\"_wpcf7_recaptcha_response\" value=\"\" \/>\n<\/fieldset>\n<p><label> Nombre<br \/>\n<span class=\"wpcf7-form-control-wrap\" data-name=\"your-name\"><input size=\"40\" maxlength=\"400\" class=\"wpcf7-form-control wpcf7-text wpcf7-validates-as-required\" autocomplete=\"name\" aria-required=\"true\" aria-invalid=\"false\" value=\"\" type=\"text\" name=\"your-name\" \/><\/span> <\/label>\n<\/p>\n<p><label> Correo electr\u00f3nico<br \/>\n<span class=\"wpcf7-form-control-wrap\" data-name=\"your-email\"><input size=\"40\" maxlength=\"400\" class=\"wpcf7-form-control wpcf7-email wpcf7-validates-as-required wpcf7-text wpcf7-validates-as-email\" autocomplete=\"email\" aria-required=\"true\" aria-invalid=\"false\" value=\"\" type=\"email\" name=\"your-email\" \/><\/span> <\/label>\n<\/p>\n<p><label><span class=\"wpcf7-form-control-wrap\" data-name=\"select-871\"><select class=\"wpcf7-form-control wpcf7-select wpcf7-validates-as-required\" aria-required=\"true\" aria-invalid=\"false\" name=\"select-871\"><option value=\"Iniciaci\u00f3n a la expresi\u00f3n del arte \u2013 de 4 a 7 a\u00f1os\">Iniciaci\u00f3n a la expresi\u00f3n del arte \u2013 de 4 a 7 a\u00f1os<\/option><option value=\"Curso Mixto \u2013 Dibujo, Pintura y Manualidades \u2013 de 6 a 10 a\u00f1os\">Curso Mixto \u2013 Dibujo, Pintura y Manualidades \u2013 de 6 a 10 a\u00f1os<\/option><option value=\"Dibujo y Pintura de 8 a 12 a\u00f1os\">Dibujo y Pintura de 8 a 12 a\u00f1os<\/option><option value=\"Ilustraci\u00f3n, Manga y Anime \u2013 Jovenes\">Ilustraci\u00f3n, Manga y Anime \u2013 Jovenes<\/option><option value=\"Dibujo y Pintura Adultos\">Dibujo y Pintura Adultos<\/option><option value=\"Talleres fin de semana y grupos cerrados\">Talleres fin de semana y grupos cerrados<\/option><option value=\"Otros\">Otros<\/option><\/select><\/span><\/label>\n<\/p>\n<p><label> Descripci\u00f3n<br \/>\n<span class=\"wpcf7-form-control-wrap\" data-name=\"your-message\"><textarea cols=\"40\" rows=\"10\" maxlength=\"2000\" class=\"wpcf7-form-control wpcf7-textarea\" aria-invalid=\"false\" name=\"your-message\"><\/textarea><\/span> <\/label>\n<\/p>\n<p><span class=\"wpcf7-form-control-wrap\" data-name=\"acceptance-712\"><span class=\"wpcf7-form-control wpcf7-acceptance\"><span class=\"wpcf7-list-item\"><label><input type=\"checkbox\" name=\"acceptance-712\" value=\"1\" aria-invalid=\"false\" \/><span class=\"wpcf7-list-item-label\">Acepto ceder los datos a polroestudiart.com y la pol\u00edtica de privacidad<\/span><\/label><\/span><\/span><\/span>\n<\/p>\n<p>El responsable del tratamiento es POLRO Estudi d'Art. Los datos ser\u00e1n utilizados para gestionar tu consulta, con base en tu consentimiento. Puedes ejercer tus derechos y consultar m\u00e1s informaci\u00f3n en nuestra <a href=\"https:\/\/polroestudiart.com\/politica-de-privacitat\/\">pol\u00edtica de privacidad<\/a>\n<\/p>\n<p><input class=\"wpcf7-form-control wpcf7-submit has-spinner\" type=\"submit\" value=\"Enviar\" \/>\n<\/p>\n<p>Este formulario utiliza Akismet para reducir el spam. <a target=\"_blank\" rel=\"nofollow noopener\" href=\"https:\/\/akismet.com\/privacy\/\">Aprende c\u00f3mo se procesan tus datos.<\/a>\n<\/p><p style=\"display: none !important;\" class=\"akismet-fields-container\" data-prefix=\"_wpcf7_ak_\"><label>&#916;<textarea name=\"_wpcf7_ak_hp_textarea\" cols=\"45\" rows=\"8\" maxlength=\"100\"><\/textarea><\/label><input type=\"hidden\" id=\"ak_js_1\" name=\"_wpcf7_ak_js\" value=\"43\"\/><script>document.getElementById( \"ak_js_1\" ).setAttribute( \"value\", ( new Date() ).getTime() );<\/script><\/p><div class=\"wpcf7-response-output\" aria-hidden=\"true\"><\/div>\n<\/form>\n<\/div>\n[\/vc_column_inner][\/vc_row_inner][vc_empty_space height=\u00bb50px\u00bb][\/vc_column][\/vc_row]<\/p>\n<\/div>","protected":false},"excerpt":{"rendered":"<p>[vc_row css_animation=\u00bb\u00bb row_type=\u00bbrow\u00bb use_row_as_full_screen_section=\u00bbno\u00bb type=\u00bbfull_width\u00bb angled_section=\u00bbno\u00bb text_align=\u00bbleft\u00bb background_image_as_pattern=\u00bbwithout_pattern\u00bb][vc_column][vc_empty_space height=\u00bb70px\u00bb][vc_column_text css=\u00bb\u00bb] Curso Mixto \u2013 Dibujo, Pintura y Manualidades \u2013 de 6 a 10 a\u00f1os [\/vc_column_text][vc_empty_space height=\u00bb50px\u00bb][vc_row_inner row_type=\u00bbrow\u00bb type=\u00bbfull_width\u00bb text_align=\u00bbcenter\u00bb css_animation=\u00bb\u00bb side_padding=\u00bb4&#8243;][vc_column_inner width=\u00bb2\/3&#8243;][\/vc_column_inner][vc_column_inner width=\u00bb1\/3&#8243; css=\u00bb.vc_custom_1754056817557{background-color: #FFFFFF !important;border-radius: 15px !important;}\u00bb][vc_empty_space height=\u00bb50px\u00bb][\/vc_column_inner][\/vc_row_inner][vc_row_inner row_type=\u00bbrow\u00bb type=\u00bbfull_width\u00bb text_align=\u00bbcenter\u00bb css_animation=\u00bb\u00bb side_padding=\u00bb4&#8243;][vc_column_inner width=\u00bb2\/3&#8243;][vc_column_text css=\u00bb\u00bb]\u00a1Un&#8230;<\/p>\n","protected":false},"author":1,"featured_media":0,"parent":0,"menu_order":0,"comment_status":"closed","ping_status":"closed","template":"full_width.php","meta":{"footnotes":""},"class_list":["post-482","page","type-page","status-publish","hentry"],"yoast_head":"<!-- This site is optimized with the Yoast SEO plugin v27.3 - https:\/\/yoast.com\/product\/yoast-seo-wordpress\/ -->\n<title>Curso Mixto \u2013 Dibujo, Pintura y Manualidades \u2013 de 6 a 10 a\u00f1os - Tallers Paula Olivares<\/title>\n<meta name=\"description\" content=\"Taller art\u00edstico de Dibuijo, Pintura y Manualidades de 6 a 10 a\u00f1os: manualidades creativas, trazo, pintura y observaci\u00f3n. Acompa\u00f1amiento individual.\" \/>\n<meta name=\"robots\" content=\"index, follow, max-snippet:-1, max-image-preview:large, max-video-preview:-1\" \/>\n<link rel=\"canonical\" href=\"https:\/\/polroestudiart.com\/es\/curso-mixto-dibujo-pintura-y-manualidades-de-6-a-10-anos\/\" \/>\n<meta property=\"og:locale\" content=\"es_ES\" \/>\n<meta property=\"og:type\" content=\"article\" \/>\n<meta property=\"og:title\" content=\"Curso Mixto \u2013 Dibujo, Pintura y Manualidades \u2013 de 6 a 10 a\u00f1os - Tallers Paula Olivares\" \/>\n<meta property=\"og:description\" content=\"Taller art\u00edstico de Dibuijo, Pintura y Manualidades de 6 a 10 a\u00f1os: manualidades creativas, trazo, pintura y observaci\u00f3n. Acompa\u00f1amiento individual.\" \/>\n<meta property=\"og:url\" content=\"https:\/\/polroestudiart.com\/es\/curso-mixto-dibujo-pintura-y-manualidades-de-6-a-10-anos\/\" \/>\n<meta property=\"og:site_name\" content=\"Polro Estudi d&#039;Art a Lleida | Tallers Creatius amb Paula Olivares\" \/>\n<meta property=\"article:modified_time\" content=\"2025-09-16T21:34:00+00:00\" \/>\n<meta name=\"twitter:card\" content=\"summary_large_image\" \/>\n<meta name=\"twitter:label1\" content=\"Tiempo de lectura\" \/>\n\t<meta name=\"twitter:data1\" content=\"4 minutos\" \/>\n<script type=\"application\/ld+json\" class=\"yoast-schema-graph\">{\"@context\":\"https:\\\/\\\/schema.org\",\"@graph\":[{\"@type\":\"WebPage\",\"@id\":\"https:\\\/\\\/polroestudiart.com\\\/es\\\/curso-mixto-dibujo-pintura-y-manualidades-de-6-a-10-anos\\\/\",\"url\":\"https:\\\/\\\/polroestudiart.com\\\/es\\\/curso-mixto-dibujo-pintura-y-manualidades-de-6-a-10-anos\\\/\",\"name\":\"Curso Mixto \u2013 Dibujo, Pintura y Manualidades \u2013 de 6 a 10 a\u00f1os - Tallers Paula Olivares\",\"isPartOf\":{\"@id\":\"https:\\\/\\\/polroestudiart.com\\\/es\\\/#website\"},\"datePublished\":\"2025-07-31T09:47:34+00:00\",\"dateModified\":\"2025-09-16T21:34:00+00:00\",\"description\":\"Taller art\u00edstico de Dibuijo, Pintura y Manualidades de 6 a 10 a\u00f1os: manualidades creativas, trazo, pintura y observaci\u00f3n. Acompa\u00f1amiento individual.\",\"breadcrumb\":{\"@id\":\"https:\\\/\\\/polroestudiart.com\\\/es\\\/curso-mixto-dibujo-pintura-y-manualidades-de-6-a-10-anos\\\/#breadcrumb\"},\"inLanguage\":\"es\",\"potentialAction\":[{\"@type\":\"ReadAction\",\"target\":[\"https:\\\/\\\/polroestudiart.com\\\/es\\\/curso-mixto-dibujo-pintura-y-manualidades-de-6-a-10-anos\\\/\"]}]},{\"@type\":\"BreadcrumbList\",\"@id\":\"https:\\\/\\\/polroestudiart.com\\\/es\\\/curso-mixto-dibujo-pintura-y-manualidades-de-6-a-10-anos\\\/#breadcrumb\",\"itemListElement\":[{\"@type\":\"ListItem\",\"position\":1,\"name\":\"Portada\",\"item\":\"https:\\\/\\\/polroestudiart.com\\\/es\\\/\"},{\"@type\":\"ListItem\",\"position\":2,\"name\":\"Curso Mixto \u2013 Dibujo, Pintura y Manualidades \u2013 de 6 a 10 a\u00f1os\"}]},{\"@type\":\"WebSite\",\"@id\":\"https:\\\/\\\/polroestudiart.com\\\/es\\\/#website\",\"url\":\"https:\\\/\\\/polroestudiart.com\\\/es\\\/\",\"name\":\"Polro Estudi d'Art\",\"description\":\"A POLRO treballem amb passi\u00f3 i dedicaci\u00f3, amb molts ganes d\u2019ensenyar i compartir l\u2019art. Oferim classes de dibuix i pintura per a totes les edats, aix\u00ed com tallers art\u00edstics, en un espai acollidor que inspira i motiva a crear.\",\"publisher\":{\"@id\":\"https:\\\/\\\/polroestudiart.com\\\/es\\\/#\\\/schema\\\/person\\\/6ec2e00e645c12cae5d42b6a567e7552\"},\"potentialAction\":[{\"@type\":\"SearchAction\",\"target\":{\"@type\":\"EntryPoint\",\"urlTemplate\":\"https:\\\/\\\/polroestudiart.com\\\/es\\\/?s={search_term_string}\"},\"query-input\":{\"@type\":\"PropertyValueSpecification\",\"valueRequired\":true,\"valueName\":\"search_term_string\"}}],\"inLanguage\":\"es\"},{\"@type\":[\"Person\",\"Organization\"],\"@id\":\"https:\\\/\\\/polroestudiart.com\\\/es\\\/#\\\/schema\\\/person\\\/6ec2e00e645c12cae5d42b6a567e7552\",\"name\":\"Paula\",\"image\":{\"@type\":\"ImageObject\",\"inLanguage\":\"es\",\"@id\":\"https:\\\/\\\/polroestudiart.com\\\/wp-content\\\/uploads\\\/2025\\\/07\\\/logo-POLRO-dispositius.png\",\"url\":\"https:\\\/\\\/polroestudiart.com\\\/wp-content\\\/uploads\\\/2025\\\/07\\\/logo-POLRO-dispositius.png\",\"contentUrl\":\"https:\\\/\\\/polroestudiart.com\\\/wp-content\\\/uploads\\\/2025\\\/07\\\/logo-POLRO-dispositius.png\",\"width\":150,\"height\":58,\"caption\":\"Paula\"},\"logo\":{\"@id\":\"https:\\\/\\\/polroestudiart.com\\\/wp-content\\\/uploads\\\/2025\\\/07\\\/logo-POLRO-dispositius.png\"},\"sameAs\":[\"http:\\\/\\\/polroestudiart.com\"]}]}<\/script>\n<!-- \/ Yoast SEO plugin. -->","yoast_head_json":{"title":"Curso Mixto \u2013 Dibujo, Pintura y Manualidades \u2013 de 6 a 10 a\u00f1os - Tallers Paula Olivares","description":"Taller art\u00edstico de Dibuijo, Pintura y Manualidades de 6 a 10 a\u00f1os: manualidades creativas, trazo, pintura y observaci\u00f3n. Acompa\u00f1amiento individual.","robots":{"index":"index","follow":"follow","max-snippet":"max-snippet:-1","max-image-preview":"max-image-preview:large","max-video-preview":"max-video-preview:-1"},"canonical":"https:\/\/polroestudiart.com\/es\/curso-mixto-dibujo-pintura-y-manualidades-de-6-a-10-anos\/","og_locale":"es_ES","og_type":"article","og_title":"Curso Mixto \u2013 Dibujo, Pintura y Manualidades \u2013 de 6 a 10 a\u00f1os - Tallers Paula Olivares","og_description":"Taller art\u00edstico de Dibuijo, Pintura y Manualidades de 6 a 10 a\u00f1os: manualidades creativas, trazo, pintura y observaci\u00f3n. Acompa\u00f1amiento individual.","og_url":"https:\/\/polroestudiart.com\/es\/curso-mixto-dibujo-pintura-y-manualidades-de-6-a-10-anos\/","og_site_name":"Polro Estudi d&#039;Art a Lleida | Tallers Creatius amb Paula Olivares","article_modified_time":"2025-09-16T21:34:00+00:00","twitter_card":"summary_large_image","twitter_misc":{"Tiempo de lectura":"4 minutos"},"schema":{"@context":"https:\/\/schema.org","@graph":[{"@type":"WebPage","@id":"https:\/\/polroestudiart.com\/es\/curso-mixto-dibujo-pintura-y-manualidades-de-6-a-10-anos\/","url":"https:\/\/polroestudiart.com\/es\/curso-mixto-dibujo-pintura-y-manualidades-de-6-a-10-anos\/","name":"Curso Mixto \u2013 Dibujo, Pintura y Manualidades \u2013 de 6 a 10 a\u00f1os - Tallers Paula Olivares","isPartOf":{"@id":"https:\/\/polroestudiart.com\/es\/#website"},"datePublished":"2025-07-31T09:47:34+00:00","dateModified":"2025-09-16T21:34:00+00:00","description":"Taller art\u00edstico de Dibuijo, Pintura y Manualidades de 6 a 10 a\u00f1os: manualidades creativas, trazo, pintura y observaci\u00f3n. Acompa\u00f1amiento individual.","breadcrumb":{"@id":"https:\/\/polroestudiart.com\/es\/curso-mixto-dibujo-pintura-y-manualidades-de-6-a-10-anos\/#breadcrumb"},"inLanguage":"es","potentialAction":[{"@type":"ReadAction","target":["https:\/\/polroestudiart.com\/es\/curso-mixto-dibujo-pintura-y-manualidades-de-6-a-10-anos\/"]}]},{"@type":"BreadcrumbList","@id":"https:\/\/polroestudiart.com\/es\/curso-mixto-dibujo-pintura-y-manualidades-de-6-a-10-anos\/#breadcrumb","itemListElement":[{"@type":"ListItem","position":1,"name":"Portada","item":"https:\/\/polroestudiart.com\/es\/"},{"@type":"ListItem","position":2,"name":"Curso Mixto \u2013 Dibujo, Pintura y Manualidades \u2013 de 6 a 10 a\u00f1os"}]},{"@type":"WebSite","@id":"https:\/\/polroestudiart.com\/es\/#website","url":"https:\/\/polroestudiart.com\/es\/","name":"Polro Estudi d'Art","description":"A POLRO treballem amb passi\u00f3 i dedicaci\u00f3, amb molts ganes d\u2019ensenyar i compartir l\u2019art. Oferim classes de dibuix i pintura per a totes les edats, aix\u00ed com tallers art\u00edstics, en un espai acollidor que inspira i motiva a crear.","publisher":{"@id":"https:\/\/polroestudiart.com\/es\/#\/schema\/person\/6ec2e00e645c12cae5d42b6a567e7552"},"potentialAction":[{"@type":"SearchAction","target":{"@type":"EntryPoint","urlTemplate":"https:\/\/polroestudiart.com\/es\/?s={search_term_string}"},"query-input":{"@type":"PropertyValueSpecification","valueRequired":true,"valueName":"search_term_string"}}],"inLanguage":"es"},{"@type":["Person","Organization"],"@id":"https:\/\/polroestudiart.com\/es\/#\/schema\/person\/6ec2e00e645c12cae5d42b6a567e7552","name":"Paula","image":{"@type":"ImageObject","inLanguage":"es","@id":"https:\/\/polroestudiart.com\/wp-content\/uploads\/2025\/07\/logo-POLRO-dispositius.png","url":"https:\/\/polroestudiart.com\/wp-content\/uploads\/2025\/07\/logo-POLRO-dispositius.png","contentUrl":"https:\/\/polroestudiart.com\/wp-content\/uploads\/2025\/07\/logo-POLRO-dispositius.png","width":150,"height":58,"caption":"Paula"},"logo":{"@id":"https:\/\/polroestudiart.com\/wp-content\/uploads\/2025\/07\/logo-POLRO-dispositius.png"},"sameAs":["http:\/\/polroestudiart.com"]}]}},"_links":{"self":[{"href":"https:\/\/polroestudiart.com\/es\/wp-json\/wp\/v2\/pages\/482","targetHints":{"allow":["GET"]}}],"collection":[{"href":"https:\/\/polroestudiart.com\/es\/wp-json\/wp\/v2\/pages"}],"about":[{"href":"https:\/\/polroestudiart.com\/es\/wp-json\/wp\/v2\/types\/page"}],"author":[{"embeddable":true,"href":"https:\/\/polroestudiart.com\/es\/wp-json\/wp\/v2\/users\/1"}],"replies":[{"embeddable":true,"href":"https:\/\/polroestudiart.com\/es\/wp-json\/wp\/v2\/comments?post=482"}],"version-history":[{"count":3,"href":"https:\/\/polroestudiart.com\/es\/wp-json\/wp\/v2\/pages\/482\/revisions"}],"predecessor-version":[{"id":597,"href":"https:\/\/polroestudiart.com\/es\/wp-json\/wp\/v2\/pages\/482\/revisions\/597"}],"wp:attachment":[{"href":"https:\/\/polroestudiart.com\/es\/wp-json\/wp\/v2\/media?parent=482"}],"curies":[{"name":"wp","href":"https:\/\/api.w.org\/{rel}","templated":true}]}}