{"id":502,"date":"2025-07-31T11:48:31","date_gmt":"2025-07-31T09:48:31","guid":{"rendered":"https:\/\/polroestudiart.com\/dibujo-y-pintura-adultos\/"},"modified":"2025-09-16T23:41:39","modified_gmt":"2025-09-16T21:41:39","slug":"dibujo-y-pintura-adultos","status":"publish","type":"page","link":"https:\/\/polroestudiart.com\/es\/dibujo-y-pintura-adultos\/","title":{"rendered":"Dibujo y Pintura (Adultos)"},"content":{"rendered":"<div class=\"wpb-content-wrapper\"><p>[vc_row css_animation=\u00bb\u00bb row_type=\u00bbrow\u00bb use_row_as_full_screen_section=\u00bbno\u00bb type=\u00bbfull_width\u00bb angled_section=\u00bbno\u00bb text_align=\u00bbleft\u00bb background_image_as_pattern=\u00bbwithout_pattern\u00bb][vc_column][vc_empty_space height=\u00bb70px\u00bb][vc_column_text css=\u00bb\u00bb]<\/p>\n<h1 style=\"text-align: center;\">Dibujo y Pintura Adultos<\/h1>\n<p>[\/vc_column_text][vc_empty_space height=\u00bb50px\u00bb][vc_row_inner row_type=\u00bbrow\u00bb type=\u00bbfull_width\u00bb text_align=\u00bbcenter\u00bb css_animation=\u00bb\u00bb side_padding=\u00bb4&#8243;][vc_column_inner width=\u00bb2\/3&#8243;][\/vc_column_inner][vc_column_inner width=\u00bb1\/3&#8243; css=\u00bb.vc_custom_1754056817557{background-color: #FFFFFF !important;border-radius: 15px !important;}\u00bb][vc_empty_space height=\u00bb50px\u00bb][\/vc_column_inner][\/vc_row_inner][vc_row_inner row_type=\u00bbrow\u00bb type=\u00bbfull_width\u00bb text_align=\u00bbcenter\u00bb css_animation=\u00bb\u00bb side_padding=\u00bb4&#8243;][vc_column_inner width=\u00bb2\/3&#8243;][vc_column_text css=\u00bb\u00bb]Este curso est\u00e1 pensado para <strong>personas adultas que quieren conectar con su parte creativa<\/strong>, ya sea para aprender t\u00e9cnica, para explorar nuevos materiales o simplemente para disfrutar de un momento para ellos mismos.<\/p>\n<p>&nbsp;<\/p>\n<p>Un espacio para parar, respirar y crear.<br \/>\nLas <strong>clases son personalizadas<\/strong> y se adaptan a los intereses de cada participante. Puedes venir con un proyecto o tema propio que te gustaria trabajar, o unirte a la propuesta del d\u00eda y dejarte llevar. <strong>El objectivo es aprender, experimentar y sobretodo, disfrutar del proceso.<\/strong><\/p>\n<p>&nbsp;<\/p>\n<p>Trabajaremos con una gran variedad de materiales: <strong>grafito, carboncillo, pasteles, ceras, acuarela, acr\u00edlico, gouache, rotuladores<\/strong> y m\u00e1s.[\/vc_column_text][\/vc_column_inner][vc_column_inner width=\u00bb1\/3&#8243; css=\u00bb.vc_custom_1753971835517{background-color: #1E73BE !important;border-radius: 15px !important;}\u00bb][vc_column_text css=\u00bb\u00bb]<\/p>\n<p style=\"text-align: center;\"><span style=\"color: #ffffff;\"><strong>Horarios:<\/strong> \u2022 Martes o Jueves ma\u00f1ana \u2013 de 10:00 h a 11:30 h<br \/>\n\u2022 Martes por la tarde \u2013 de 19:00 h a 20:30 h<\/span><br \/>\n<span style=\"color: #ffffff;\"><strong>Edad:<\/strong> adultos de cualquier nivel (\u00a1principiantes bienvenidos!)<\/span><br \/>\n<span style=\"color: #ffffff;\"><strong>Materiales:<\/strong> material incluido<\/span><br \/>\n<span style=\"color: #ffffff;\"><strong>Matr\u00edcula y material:<\/strong> 50\u20ac<\/span><br \/>\n<span style=\"color: #ffffff;\"><strong>Mensualidad:<\/strong> 55\u20ac<\/span><\/p>\n<p>[\/vc_column_text][vc_empty_space height=\u00bb50px\u00bb][\/vc_column_inner][\/vc_row_inner][\/vc_column][\/vc_row][vc_row css_animation=\u00bb\u00bb row_type=\u00bbrow\u00bb use_row_as_full_screen_section=\u00bbno\u00bb type=\u00bbfull_width\u00bb angled_section=\u00bbno\u00bb text_align=\u00bbleft\u00bb background_image_as_pattern=\u00bbwithout_pattern\u00bb z_index=\u00bb\u00bb side_padding=\u00bb4&#8243;][vc_column][vc_empty_space height=\u00bb50px\u00bb]<div class=\"qode-advanced-image-gallery  qode-aig-masonry-type qode-small-space   \">\n\t<div class=\"qode-aig-inner qode-outer-space qode-aig-masonry qode-aig-three-columns\">\n\t\t<div class=\"qode-aig-grid-sizer\"><\/div>\n\t\t<div class=\"qode-aig-grid-gutter\"><\/div>\n\t\t\t\t\t\t\t\t<div class=\"qode-aig-image qode-item-space qode-aig-default-masonry-item\">\n\t\t\t\t<div class=\"qode-aig-image-inner\">\n\t\t\t\t\t\t\t\t\t\t\t<img decoding=\"async\" width=\"506\" height=\"900\" src=\"https:\/\/polroestudiart.com\/wp-content\/uploads\/2025\/08\/dibuix-pintura-adults-1.webp\" class=\"attachment-large size-large\" alt=\"dibuix pintura adults\" srcset=\"https:\/\/polroestudiart.com\/wp-content\/uploads\/2025\/08\/dibuix-pintura-adults-1.webp 506w, https:\/\/polroestudiart.com\/wp-content\/uploads\/2025\/08\/dibuix-pintura-adults-1-169x300.webp 169w\" sizes=\"(max-width: 506px) 100vw, 506px\" \/>\t\t\t\t\t\t<span class=\"aig-gallery-hover\">\n\t\t\t\t\t\t\t\t\t\t\t\t\t<\/span>\n\t\t\t\t\t\t\t\t\t<\/div>\n\t\t\t<\/div>\n\t\t\t\t\t\t\t\t\t\t\t<div class=\"qode-aig-image qode-item-space qode-aig-default-masonry-item\">\n\t\t\t\t<div class=\"qode-aig-image-inner\">\n\t\t\t\t\t\t\t\t\t\t\t<img decoding=\"async\" width=\"506\" height=\"900\" src=\"https:\/\/polroestudiart.com\/wp-content\/uploads\/2025\/08\/dibuix-pintura-adults-2.webp\" class=\"attachment-large size-large\" alt=\"dibuix pintura adults\" srcset=\"https:\/\/polroestudiart.com\/wp-content\/uploads\/2025\/08\/dibuix-pintura-adults-2.webp 506w, https:\/\/polroestudiart.com\/wp-content\/uploads\/2025\/08\/dibuix-pintura-adults-2-169x300.webp 169w\" sizes=\"(max-width: 506px) 100vw, 506px\" \/>\t\t\t\t\t\t<span class=\"aig-gallery-hover\">\n\t\t\t\t\t\t\t\t\t\t\t\t\t<\/span>\n\t\t\t\t\t\t\t\t\t<\/div>\n\t\t\t<\/div>\n\t\t\t\t\t\t\t\t\t\t\t<div class=\"qode-aig-image qode-item-space qode-aig-default-masonry-item\">\n\t\t\t\t<div class=\"qode-aig-image-inner\">\n\t\t\t\t\t\t\t\t\t\t\t<img decoding=\"async\" width=\"506\" height=\"900\" src=\"https:\/\/polroestudiart.com\/wp-content\/uploads\/2025\/08\/dibuix-pintura-adults-3.webp\" class=\"attachment-large size-large\" alt=\"dibuix pintura adults\" srcset=\"https:\/\/polroestudiart.com\/wp-content\/uploads\/2025\/08\/dibuix-pintura-adults-3.webp 506w, https:\/\/polroestudiart.com\/wp-content\/uploads\/2025\/08\/dibuix-pintura-adults-3-169x300.webp 169w\" sizes=\"(max-width: 506px) 100vw, 506px\" \/>\t\t\t\t\t\t<span class=\"aig-gallery-hover\">\n\t\t\t\t\t\t\t\t\t\t\t\t\t<\/span>\n\t\t\t\t\t\t\t\t\t<\/div>\n\t\t\t<\/div>\n\t\t\t\t\t\t\t\t\t\t\t<div class=\"qode-aig-image qode-item-space qode-aig-default-masonry-item\">\n\t\t\t\t<div class=\"qode-aig-image-inner\">\n\t\t\t\t\t\t\t\t\t\t\t<img decoding=\"async\" width=\"506\" height=\"900\" src=\"https:\/\/polroestudiart.com\/wp-content\/uploads\/2025\/08\/dibuix-pintura-adults-4.webp\" class=\"attachment-large size-large\" alt=\"dibuix pintura adults\" srcset=\"https:\/\/polroestudiart.com\/wp-content\/uploads\/2025\/08\/dibuix-pintura-adults-4.webp 506w, https:\/\/polroestudiart.com\/wp-content\/uploads\/2025\/08\/dibuix-pintura-adults-4-169x300.webp 169w\" sizes=\"(max-width: 506px) 100vw, 506px\" \/>\t\t\t\t\t\t<span class=\"aig-gallery-hover\">\n\t\t\t\t\t\t\t\t\t\t\t\t\t<\/span>\n\t\t\t\t\t\t\t\t\t<\/div>\n\t\t\t<\/div>\n\t\t\t\t\t\t\t\t\t\t\t<div class=\"qode-aig-image qode-item-space qode-aig-default-masonry-item\">\n\t\t\t\t<div class=\"qode-aig-image-inner\">\n\t\t\t\t\t\t\t\t\t\t\t<img decoding=\"async\" width=\"675\" height=\"900\" src=\"https:\/\/polroestudiart.com\/wp-content\/uploads\/2025\/08\/dibuix-pintura-adults-5.webp\" class=\"attachment-large size-large\" alt=\"dibuix pintura adults\" srcset=\"https:\/\/polroestudiart.com\/wp-content\/uploads\/2025\/08\/dibuix-pintura-adults-5.webp 675w, https:\/\/polroestudiart.com\/wp-content\/uploads\/2025\/08\/dibuix-pintura-adults-5-225x300.webp 225w, https:\/\/polroestudiart.com\/wp-content\/uploads\/2025\/08\/dibuix-pintura-adults-5-600x800.webp 600w\" sizes=\"(max-width: 675px) 100vw, 675px\" \/>\t\t\t\t\t\t<span class=\"aig-gallery-hover\">\n\t\t\t\t\t\t\t\t\t\t\t\t\t<\/span>\n\t\t\t\t\t\t\t\t\t<\/div>\n\t\t\t<\/div>\n\t\t\t\t\t\t\t\t\t\t\t<div class=\"qode-aig-image qode-item-space qode-aig-default-masonry-item\">\n\t\t\t\t<div class=\"qode-aig-image-inner\">\n\t\t\t\t\t\t\t\t\t\t\t<img decoding=\"async\" width=\"506\" height=\"900\" src=\"https:\/\/polroestudiart.com\/wp-content\/uploads\/2025\/08\/dibuix-pintura-adults.webp\" class=\"attachment-large size-large\" alt=\"dibuix pintura adults\" srcset=\"https:\/\/polroestudiart.com\/wp-content\/uploads\/2025\/08\/dibuix-pintura-adults.webp 506w, https:\/\/polroestudiart.com\/wp-content\/uploads\/2025\/08\/dibuix-pintura-adults-169x300.webp 169w\" sizes=\"(max-width: 506px) 100vw, 506px\" \/>\t\t\t\t\t\t<span class=\"aig-gallery-hover\">\n\t\t\t\t\t\t\t\t\t\t\t\t\t<\/span>\n\t\t\t\t\t\t\t\t\t<\/div>\n\t\t\t<\/div>\n\t\t\t\t\t\t<\/div>\n<\/div>[vc_empty_space height=\u00bb50px\u00bb][vc_row_inner row_type=\u00bbrow\u00bb type=\u00bbfull_width\u00bb text_align=\u00bbleft\u00bb css_animation=\u00bb\u00bb][vc_column_inner width=\u00bb1\/2&#8243;][vc_goo_maps location=\u00bbCarrer Bar\u00f3 de Maials, 66, 25005, Lleida\u00bb zoom=\u00bb15&#8243; css=\u00bb\u00bb][\/vc_column_inner][vc_column_inner width=\u00bb1\/2&#8243;]\n<div class=\"wpcf7 no-js\" id=\"wpcf7-f470-o1\" lang=\"es-ES\" dir=\"ltr\" data-wpcf7-id=\"470\">\n<div class=\"screen-reader-response\"><p role=\"status\" aria-live=\"polite\" aria-atomic=\"true\"><\/p> <ul><\/ul><\/div>\n<form action=\"\/es\/wp-json\/wp\/v2\/pages\/502#wpcf7-f470-o1\" method=\"post\" class=\"wpcf7-form init cf7_custom_style_1\" aria-label=\"Formulario de contacto\" novalidate=\"novalidate\" data-status=\"init\">\n<fieldset class=\"hidden-fields-container\"><input type=\"hidden\" name=\"_wpcf7\" value=\"470\" \/><input type=\"hidden\" name=\"_wpcf7_version\" value=\"6.1.5\" \/><input type=\"hidden\" name=\"_wpcf7_locale\" value=\"es_ES\" \/><input type=\"hidden\" name=\"_wpcf7_unit_tag\" value=\"wpcf7-f470-o1\" \/><input type=\"hidden\" name=\"_wpcf7_container_post\" value=\"0\" \/><input type=\"hidden\" name=\"_wpcf7_posted_data_hash\" value=\"\" \/><input type=\"hidden\" name=\"_wpcf7_recaptcha_response\" value=\"\" \/>\n<\/fieldset>\n<p><label> Nombre<br \/>\n<span class=\"wpcf7-form-control-wrap\" data-name=\"your-name\"><input size=\"40\" maxlength=\"400\" class=\"wpcf7-form-control wpcf7-text wpcf7-validates-as-required\" autocomplete=\"name\" aria-required=\"true\" aria-invalid=\"false\" value=\"\" type=\"text\" name=\"your-name\" \/><\/span> <\/label>\n<\/p>\n<p><label> Correo electr\u00f3nico<br \/>\n<span class=\"wpcf7-form-control-wrap\" data-name=\"your-email\"><input size=\"40\" maxlength=\"400\" class=\"wpcf7-form-control wpcf7-email wpcf7-validates-as-required wpcf7-text wpcf7-validates-as-email\" autocomplete=\"email\" aria-required=\"true\" aria-invalid=\"false\" value=\"\" type=\"email\" name=\"your-email\" \/><\/span> <\/label>\n<\/p>\n<p><label><span class=\"wpcf7-form-control-wrap\" data-name=\"select-871\"><select class=\"wpcf7-form-control wpcf7-select wpcf7-validates-as-required\" aria-required=\"true\" aria-invalid=\"false\" name=\"select-871\"><option value=\"Iniciaci\u00f3n a la expresi\u00f3n del arte \u2013 de 4 a 7 a\u00f1os\">Iniciaci\u00f3n a la expresi\u00f3n del arte \u2013 de 4 a 7 a\u00f1os<\/option><option value=\"Curso Mixto \u2013 Dibujo, Pintura y Manualidades \u2013 de 6 a 10 a\u00f1os\">Curso Mixto \u2013 Dibujo, Pintura y Manualidades \u2013 de 6 a 10 a\u00f1os<\/option><option value=\"Dibujo y Pintura de 8 a 12 a\u00f1os\">Dibujo y Pintura de 8 a 12 a\u00f1os<\/option><option value=\"Ilustraci\u00f3n, Manga y Anime \u2013 Jovenes\">Ilustraci\u00f3n, Manga y Anime \u2013 Jovenes<\/option><option value=\"Dibujo y Pintura Adultos\">Dibujo y Pintura Adultos<\/option><option value=\"Talleres fin de semana y grupos cerrados\">Talleres fin de semana y grupos cerrados<\/option><option value=\"Otros\">Otros<\/option><\/select><\/span><\/label>\n<\/p>\n<p><label> Descripci\u00f3n<br \/>\n<span class=\"wpcf7-form-control-wrap\" data-name=\"your-message\"><textarea cols=\"40\" rows=\"10\" maxlength=\"2000\" class=\"wpcf7-form-control wpcf7-textarea\" aria-invalid=\"false\" name=\"your-message\"><\/textarea><\/span> <\/label>\n<\/p>\n<p><span class=\"wpcf7-form-control-wrap\" data-name=\"acceptance-712\"><span class=\"wpcf7-form-control wpcf7-acceptance\"><span class=\"wpcf7-list-item\"><label><input type=\"checkbox\" name=\"acceptance-712\" value=\"1\" aria-invalid=\"false\" \/><span class=\"wpcf7-list-item-label\">Acepto ceder los datos a polroestudiart.com y la pol\u00edtica de privacidad<\/span><\/label><\/span><\/span><\/span>\n<\/p>\n<p>El responsable del tratamiento es POLRO Estudi d'Art. Los datos ser\u00e1n utilizados para gestionar tu consulta, con base en tu consentimiento. Puedes ejercer tus derechos y consultar m\u00e1s informaci\u00f3n en nuestra <a href=\"https:\/\/polroestudiart.com\/politica-de-privacitat\/\">pol\u00edtica de privacidad<\/a>\n<\/p>\n<p><input class=\"wpcf7-form-control wpcf7-submit has-spinner\" type=\"submit\" value=\"Enviar\" \/>\n<\/p>\n<p>Este formulario utiliza Akismet para reducir el spam. <a target=\"_blank\" rel=\"nofollow noopener\" href=\"https:\/\/akismet.com\/privacy\/\">Aprende c\u00f3mo se procesan tus datos.<\/a>\n<\/p><p style=\"display: none !important;\" class=\"akismet-fields-container\" data-prefix=\"_wpcf7_ak_\"><label>&#916;<textarea name=\"_wpcf7_ak_hp_textarea\" cols=\"45\" rows=\"8\" maxlength=\"100\"><\/textarea><\/label><input type=\"hidden\" id=\"ak_js_1\" name=\"_wpcf7_ak_js\" value=\"20\"\/><script>document.getElementById( \"ak_js_1\" ).setAttribute( \"value\", ( new Date() ).getTime() );<\/script><\/p><div class=\"wpcf7-response-output\" aria-hidden=\"true\"><\/div>\n<\/form>\n<\/div>\n[\/vc_column_inner][\/vc_row_inner][vc_empty_space height=\u00bb50px\u00bb][\/vc_column][\/vc_row]<\/p>\n<\/div>","protected":false},"excerpt":{"rendered":"<p>[vc_row css_animation=\u00bb\u00bb row_type=\u00bbrow\u00bb use_row_as_full_screen_section=\u00bbno\u00bb type=\u00bbfull_width\u00bb angled_section=\u00bbno\u00bb text_align=\u00bbleft\u00bb background_image_as_pattern=\u00bbwithout_pattern\u00bb][vc_column][vc_empty_space height=\u00bb70px\u00bb][vc_column_text css=\u00bb\u00bb] Dibujo y Pintura Adultos [\/vc_column_text][vc_empty_space height=\u00bb50px\u00bb][vc_row_inner row_type=\u00bbrow\u00bb type=\u00bbfull_width\u00bb text_align=\u00bbcenter\u00bb css_animation=\u00bb\u00bb side_padding=\u00bb4&#8243;][vc_column_inner width=\u00bb2\/3&#8243;][\/vc_column_inner][vc_column_inner width=\u00bb1\/3&#8243; css=\u00bb.vc_custom_1754056817557{background-color: #FFFFFF !important;border-radius: 15px !important;}\u00bb][vc_empty_space height=\u00bb50px\u00bb][\/vc_column_inner][\/vc_row_inner][vc_row_inner row_type=\u00bbrow\u00bb type=\u00bbfull_width\u00bb text_align=\u00bbcenter\u00bb css_animation=\u00bb\u00bb side_padding=\u00bb4&#8243;][vc_column_inner width=\u00bb2\/3&#8243;][vc_column_text css=\u00bb\u00bb]Este curso est\u00e1 pensado para personas adultas que quieren conectar&#8230;<\/p>\n","protected":false},"author":1,"featured_media":0,"parent":0,"menu_order":0,"comment_status":"closed","ping_status":"closed","template":"full_width.php","meta":{"footnotes":""},"class_list":["post-502","page","type-page","status-publish","hentry"],"yoast_head":"<!-- This site is optimized with the Yoast SEO plugin v27.3 - https:\/\/yoast.com\/product\/yoast-seo-wordpress\/ -->\n<title>Dibujo y Pintura (Adultos) - Tallers Paula Olivares<\/title>\n<meta name=\"description\" content=\"Curso est\u00e1 pensado para personas adultas que quieren conectar con su parte creativa. Para explorar nuevos materiales o disfrutar de un momento para ellos mismos.\" \/>\n<meta name=\"robots\" content=\"index, follow, max-snippet:-1, max-image-preview:large, max-video-preview:-1\" \/>\n<link rel=\"canonical\" href=\"https:\/\/polroestudiart.com\/es\/dibujo-y-pintura-adultos\/\" \/>\n<meta property=\"og:locale\" content=\"es_ES\" \/>\n<meta property=\"og:type\" content=\"article\" \/>\n<meta property=\"og:title\" content=\"Dibujo y Pintura (Adultos) - Tallers Paula Olivares\" \/>\n<meta property=\"og:description\" content=\"Curso est\u00e1 pensado para personas adultas que quieren conectar con su parte creativa. Para explorar nuevos materiales o disfrutar de un momento para ellos mismos.\" \/>\n<meta property=\"og:url\" content=\"https:\/\/polroestudiart.com\/es\/dibujo-y-pintura-adultos\/\" \/>\n<meta property=\"og:site_name\" content=\"Polro Estudi d&#039;Art a Lleida | Tallers Creatius amb Paula Olivares\" \/>\n<meta property=\"article:modified_time\" content=\"2025-09-16T21:41:39+00:00\" \/>\n<meta name=\"twitter:card\" content=\"summary_large_image\" \/>\n<meta name=\"twitter:label1\" content=\"Tiempo de lectura\" \/>\n\t<meta name=\"twitter:data1\" content=\"3 minutos\" \/>\n<script type=\"application\/ld+json\" class=\"yoast-schema-graph\">{\"@context\":\"https:\\\/\\\/schema.org\",\"@graph\":[{\"@type\":\"WebPage\",\"@id\":\"https:\\\/\\\/polroestudiart.com\\\/es\\\/dibujo-y-pintura-adultos\\\/\",\"url\":\"https:\\\/\\\/polroestudiart.com\\\/es\\\/dibujo-y-pintura-adultos\\\/\",\"name\":\"Dibujo y Pintura (Adultos) - Tallers Paula Olivares\",\"isPartOf\":{\"@id\":\"https:\\\/\\\/polroestudiart.com\\\/es\\\/#website\"},\"datePublished\":\"2025-07-31T09:48:31+00:00\",\"dateModified\":\"2025-09-16T21:41:39+00:00\",\"description\":\"Curso est\u00e1 pensado para personas adultas que quieren conectar con su parte creativa. Para explorar nuevos materiales o disfrutar de un momento para ellos mismos.\",\"breadcrumb\":{\"@id\":\"https:\\\/\\\/polroestudiart.com\\\/es\\\/dibujo-y-pintura-adultos\\\/#breadcrumb\"},\"inLanguage\":\"es\",\"potentialAction\":[{\"@type\":\"ReadAction\",\"target\":[\"https:\\\/\\\/polroestudiart.com\\\/es\\\/dibujo-y-pintura-adultos\\\/\"]}]},{\"@type\":\"BreadcrumbList\",\"@id\":\"https:\\\/\\\/polroestudiart.com\\\/es\\\/dibujo-y-pintura-adultos\\\/#breadcrumb\",\"itemListElement\":[{\"@type\":\"ListItem\",\"position\":1,\"name\":\"Portada\",\"item\":\"https:\\\/\\\/polroestudiart.com\\\/es\\\/\"},{\"@type\":\"ListItem\",\"position\":2,\"name\":\"Dibujo y Pintura (Adultos)\"}]},{\"@type\":\"WebSite\",\"@id\":\"https:\\\/\\\/polroestudiart.com\\\/es\\\/#website\",\"url\":\"https:\\\/\\\/polroestudiart.com\\\/es\\\/\",\"name\":\"Polro Estudi d'Art\",\"description\":\"A POLRO treballem amb passi\u00f3 i dedicaci\u00f3, amb molts ganes d\u2019ensenyar i compartir l\u2019art. Oferim classes de dibuix i pintura per a totes les edats, aix\u00ed com tallers art\u00edstics, en un espai acollidor que inspira i motiva a crear.\",\"publisher\":{\"@id\":\"https:\\\/\\\/polroestudiart.com\\\/es\\\/#\\\/schema\\\/person\\\/6ec2e00e645c12cae5d42b6a567e7552\"},\"potentialAction\":[{\"@type\":\"SearchAction\",\"target\":{\"@type\":\"EntryPoint\",\"urlTemplate\":\"https:\\\/\\\/polroestudiart.com\\\/es\\\/?s={search_term_string}\"},\"query-input\":{\"@type\":\"PropertyValueSpecification\",\"valueRequired\":true,\"valueName\":\"search_term_string\"}}],\"inLanguage\":\"es\"},{\"@type\":[\"Person\",\"Organization\"],\"@id\":\"https:\\\/\\\/polroestudiart.com\\\/es\\\/#\\\/schema\\\/person\\\/6ec2e00e645c12cae5d42b6a567e7552\",\"name\":\"Paula\",\"image\":{\"@type\":\"ImageObject\",\"inLanguage\":\"es\",\"@id\":\"https:\\\/\\\/polroestudiart.com\\\/wp-content\\\/uploads\\\/2025\\\/07\\\/logo-POLRO-dispositius.png\",\"url\":\"https:\\\/\\\/polroestudiart.com\\\/wp-content\\\/uploads\\\/2025\\\/07\\\/logo-POLRO-dispositius.png\",\"contentUrl\":\"https:\\\/\\\/polroestudiart.com\\\/wp-content\\\/uploads\\\/2025\\\/07\\\/logo-POLRO-dispositius.png\",\"width\":150,\"height\":58,\"caption\":\"Paula\"},\"logo\":{\"@id\":\"https:\\\/\\\/polroestudiart.com\\\/wp-content\\\/uploads\\\/2025\\\/07\\\/logo-POLRO-dispositius.png\"},\"sameAs\":[\"http:\\\/\\\/polroestudiart.com\"]}]}<\/script>\n<!-- \/ Yoast SEO plugin. -->","yoast_head_json":{"title":"Dibujo y Pintura (Adultos) - Tallers Paula Olivares","description":"Curso est\u00e1 pensado para personas adultas que quieren conectar con su parte creativa. Para explorar nuevos materiales o disfrutar de un momento para ellos mismos.","robots":{"index":"index","follow":"follow","max-snippet":"max-snippet:-1","max-image-preview":"max-image-preview:large","max-video-preview":"max-video-preview:-1"},"canonical":"https:\/\/polroestudiart.com\/es\/dibujo-y-pintura-adultos\/","og_locale":"es_ES","og_type":"article","og_title":"Dibujo y Pintura (Adultos) - Tallers Paula Olivares","og_description":"Curso est\u00e1 pensado para personas adultas que quieren conectar con su parte creativa. Para explorar nuevos materiales o disfrutar de un momento para ellos mismos.","og_url":"https:\/\/polroestudiart.com\/es\/dibujo-y-pintura-adultos\/","og_site_name":"Polro Estudi d&#039;Art a Lleida | Tallers Creatius amb Paula Olivares","article_modified_time":"2025-09-16T21:41:39+00:00","twitter_card":"summary_large_image","twitter_misc":{"Tiempo de lectura":"3 minutos"},"schema":{"@context":"https:\/\/schema.org","@graph":[{"@type":"WebPage","@id":"https:\/\/polroestudiart.com\/es\/dibujo-y-pintura-adultos\/","url":"https:\/\/polroestudiart.com\/es\/dibujo-y-pintura-adultos\/","name":"Dibujo y Pintura (Adultos) - Tallers Paula Olivares","isPartOf":{"@id":"https:\/\/polroestudiart.com\/es\/#website"},"datePublished":"2025-07-31T09:48:31+00:00","dateModified":"2025-09-16T21:41:39+00:00","description":"Curso est\u00e1 pensado para personas adultas que quieren conectar con su parte creativa. Para explorar nuevos materiales o disfrutar de un momento para ellos mismos.","breadcrumb":{"@id":"https:\/\/polroestudiart.com\/es\/dibujo-y-pintura-adultos\/#breadcrumb"},"inLanguage":"es","potentialAction":[{"@type":"ReadAction","target":["https:\/\/polroestudiart.com\/es\/dibujo-y-pintura-adultos\/"]}]},{"@type":"BreadcrumbList","@id":"https:\/\/polroestudiart.com\/es\/dibujo-y-pintura-adultos\/#breadcrumb","itemListElement":[{"@type":"ListItem","position":1,"name":"Portada","item":"https:\/\/polroestudiart.com\/es\/"},{"@type":"ListItem","position":2,"name":"Dibujo y Pintura (Adultos)"}]},{"@type":"WebSite","@id":"https:\/\/polroestudiart.com\/es\/#website","url":"https:\/\/polroestudiart.com\/es\/","name":"Polro Estudi d'Art","description":"A POLRO treballem amb passi\u00f3 i dedicaci\u00f3, amb molts ganes d\u2019ensenyar i compartir l\u2019art. Oferim classes de dibuix i pintura per a totes les edats, aix\u00ed com tallers art\u00edstics, en un espai acollidor que inspira i motiva a crear.","publisher":{"@id":"https:\/\/polroestudiart.com\/es\/#\/schema\/person\/6ec2e00e645c12cae5d42b6a567e7552"},"potentialAction":[{"@type":"SearchAction","target":{"@type":"EntryPoint","urlTemplate":"https:\/\/polroestudiart.com\/es\/?s={search_term_string}"},"query-input":{"@type":"PropertyValueSpecification","valueRequired":true,"valueName":"search_term_string"}}],"inLanguage":"es"},{"@type":["Person","Organization"],"@id":"https:\/\/polroestudiart.com\/es\/#\/schema\/person\/6ec2e00e645c12cae5d42b6a567e7552","name":"Paula","image":{"@type":"ImageObject","inLanguage":"es","@id":"https:\/\/polroestudiart.com\/wp-content\/uploads\/2025\/07\/logo-POLRO-dispositius.png","url":"https:\/\/polroestudiart.com\/wp-content\/uploads\/2025\/07\/logo-POLRO-dispositius.png","contentUrl":"https:\/\/polroestudiart.com\/wp-content\/uploads\/2025\/07\/logo-POLRO-dispositius.png","width":150,"height":58,"caption":"Paula"},"logo":{"@id":"https:\/\/polroestudiart.com\/wp-content\/uploads\/2025\/07\/logo-POLRO-dispositius.png"},"sameAs":["http:\/\/polroestudiart.com"]}]}},"_links":{"self":[{"href":"https:\/\/polroestudiart.com\/es\/wp-json\/wp\/v2\/pages\/502","targetHints":{"allow":["GET"]}}],"collection":[{"href":"https:\/\/polroestudiart.com\/es\/wp-json\/wp\/v2\/pages"}],"about":[{"href":"https:\/\/polroestudiart.com\/es\/wp-json\/wp\/v2\/types\/page"}],"author":[{"embeddable":true,"href":"https:\/\/polroestudiart.com\/es\/wp-json\/wp\/v2\/users\/1"}],"replies":[{"embeddable":true,"href":"https:\/\/polroestudiart.com\/es\/wp-json\/wp\/v2\/comments?post=502"}],"version-history":[{"count":5,"href":"https:\/\/polroestudiart.com\/es\/wp-json\/wp\/v2\/pages\/502\/revisions"}],"predecessor-version":[{"id":600,"href":"https:\/\/polroestudiart.com\/es\/wp-json\/wp\/v2\/pages\/502\/revisions\/600"}],"wp:attachment":[{"href":"https:\/\/polroestudiart.com\/es\/wp-json\/wp\/v2\/media?parent=502"}],"curies":[{"name":"wp","href":"https:\/\/api.w.org\/{rel}","templated":true}]}}