{"id":535,"date":"2025-07-11T08:07:30","date_gmt":"2025-07-11T06:07:30","guid":{"rendered":"https:\/\/polroestudiart.com\/politica-de-cookies\/"},"modified":"2025-09-16T19:48:33","modified_gmt":"2025-09-16T17:48:33","slug":"politica-de-cookies","status":"publish","type":"page","link":"https:\/\/polroestudiart.com\/es\/politica-de-cookies\/","title":{"rendered":"Pol\u00edtica de cookies"},"content":{"rendered":"<div class=\"wpb-content-wrapper\"><p>[vc_row css_animation=\u00bb\u00bb row_type=\u00bbrow\u00bb use_row_as_full_screen_section=\u00bbno\u00bb type=\u00bbfull_width\u00bb angled_section=\u00bbno\u00bb text_align=\u00bbleft\u00bb background_image_as_pattern=\u00bbwithout_pattern\u00bb][vc_column][vc_column_text css=\u00bb\u00bb]<\/p>\n<h3 data-start=\"278\" data-end=\"305\">1. \u00bfQu\u00e9 son las cookies?<\/h3>\n<p data-start=\"307\" data-end=\"621\">Las cookies son peque\u00f1os archivos de texto que los sitios web pueden utilizar para hacer m\u00e1s eficiente la experiencia del usuario. La ley establece que podemos almacenar cookies en tu dispositivo si son estrictamente necesarias para el funcionamiento de este sitio. Para el resto de tipos de cookies necesitamos tu permiso.  <\/p>\n<p data-start=\"623\" data-end=\"767\">Este sitio web utiliza distintos tipos de cookies. Algunas cookies son colocadas por servicios de terceros que aparecen en nuestras p\u00e1ginas. <\/p>\n<h3 data-start=\"769\" data-end=\"788\">2. Consentimiento<\/h3>\n<p data-start=\"790\" data-end=\"1059\">Cuando accedas por primera vez a este sitio web, ver\u00e1s un banner o pop-up que te informa sobre el uso de cookies y te permite configurarlas. Puedes cambiar o retirar tu consentimiento en cualquier momento desde la <strong data-start=\"1007\" data-end=\"1032\">Declaraci\u00f3n de cookies<\/strong> que aparecen acontinuaci\u00f3n: <\/p>\n<p data-start=\"790\" data-end=\"1059\">\n<p data-start=\"790\" data-end=\"1059\">[cky_outside_audit_table]<\/p>\n<p data-start=\"790\" data-end=\"1059\">\n<h3 data-start=\"1356\" data-end=\"1402\">3. Tipo de cookies que pueden utilizarse<\/h3>\n<p data-start=\"1404\" data-end=\"1447\">Seg\u00fan la finalidad, el sitio puede utilizar:<\/p>\n<ul data-start=\"1449\" data-end=\"1804\">\n<li data-start=\"1449\" data-end=\"1538\">\n<p data-start=\"1451\" data-end=\"1538\"><strong data-start=\"1451\" data-end=\"1486\">Cookies t\u00e9cnicas o necesarias<\/strong>: imprescindibles para el funcionamiento b\u00e1sico de la web.<\/p>\n<\/li>\n<li data-start=\"1539\" data-end=\"1623\">\n<p data-start=\"1541\" data-end=\"1623\"><strong data-start=\"1541\" data-end=\"1568\">Cookies de preferencias<\/strong>: permiten recordar informaci\u00f3n como el idioma o la regi\u00f3n.<\/p>\n<\/li>\n<li data-start=\"1624\" data-end=\"1710\">\n<p data-start=\"1626\" data-end=\"1710\"><strong data-start=\"1626\" data-end=\"1651\">Cookies de estad\u00edstica<\/strong>: ayudan a entender como interactuan los usuarios con la web.<\/p>\n<\/li>\n<li data-start=\"1711\" data-end=\"1804\">\n<p data-start=\"1713\" data-end=\"1804\"><strong data-start=\"1713\" data-end=\"1738\">Cookies de m\u00e1rqueting<\/strong>: se utilizan para seguir a los usuarios y mostrar anuncios relevantes.<\/p>\n<\/li>\n<\/ul>\n<h3 data-start=\"1806\" data-end=\"1830\">4. Gesti\u00f3n de cookies<\/h3>\n<p data-start=\"1832\" data-end=\"1884\">Puedes configurar o desactivar las cookies mediante:<\/p>\n<ul data-start=\"1886\" data-end=\"2002\">\n<li data-start=\"1886\" data-end=\"1934\">\n<p data-start=\"1888\" data-end=\"1934\">El panel de configuraci\u00f3n del banner Complianz<\/p>\n<\/li>\n<li data-start=\"1935\" data-end=\"2002\">\n<p data-start=\"1937\" data-end=\"2002\">La configuraci\u00f3n de tu navegador (Chrome, Firefox, Safari, etc.)<\/p>\n<\/li>\n<\/ul>\n<h3 data-start=\"2004\" data-end=\"2042\">5. Canvios en la pol\u00edtica de cookies<\/h3>\n<p data-start=\"2044\" data-end=\"2167\">Esta Pol\u00edtica de Cookies puede ser modificada en funci\u00f3n de cambios legales o t\u00e9cnicos. Te recomendamos revisarla periodicamente. <\/p>\n<div class=\"contain-inline-size rounded-2xl relative bg-token-sidebar-surface-primary\"><\/div>\n<p>[\/vc_column_text][vc_empty_space][\/vc_column][\/vc_row]<\/p>\n<\/div>","protected":false},"excerpt":{"rendered":"<p>[vc_row css_animation=\u00bb\u00bb row_type=\u00bbrow\u00bb use_row_as_full_screen_section=\u00bbno\u00bb type=\u00bbfull_width\u00bb angled_section=\u00bbno\u00bb text_align=\u00bbleft\u00bb background_image_as_pattern=\u00bbwithout_pattern\u00bb][vc_column][vc_column_text css=\u00bb\u00bb] 1. \u00bfQu\u00e9 son las cookies? Las cookies son peque\u00f1os archivos de texto que los sitios web pueden utilizar para hacer m\u00e1s eficiente la experiencia del usuario. La ley establece que podemos almacenar cookies en tu dispositivo&#8230;<\/p>\n","protected":false},"author":1,"featured_media":0,"parent":0,"menu_order":0,"comment_status":"closed","ping_status":"closed","template":"","meta":{"footnotes":""},"class_list":["post-535","page","type-page","status-publish","hentry"],"yoast_head":"<!-- This site is optimized with the Yoast SEO plugin v27.3 - https:\/\/yoast.com\/product\/yoast-seo-wordpress\/ -->\n<title>Pol\u00edtica de cookies - Tallers Paula Olivares<\/title>\n<meta name=\"robots\" content=\"noindex, nofollow\" \/>\n<meta property=\"og:locale\" content=\"es_ES\" \/>\n<meta property=\"og:type\" content=\"article\" \/>\n<meta property=\"og:title\" content=\"Pol\u00edtica de cookies - Tallers Paula Olivares\" \/>\n<meta property=\"og:description\" content=\"[vc_row css_animation=\u00bb\u00bb row_type=\u00bbrow\u00bb use_row_as_full_screen_section=\u00bbno\u00bb type=\u00bbfull_width\u00bb angled_section=\u00bbno\u00bb text_align=\u00bbleft\u00bb background_image_as_pattern=\u00bbwithout_pattern\u00bb][vc_column][vc_column_text css=\u00bb\u00bb] 1. \u00bfQu\u00e9 son las cookies? Las cookies son peque\u00f1os archivos de texto que los sitios web pueden utilizar para hacer m\u00e1s eficiente la experiencia del usuario. La ley establece que podemos almacenar cookies en tu dispositivo...\" \/>\n<meta property=\"og:url\" content=\"https:\/\/polroestudiart.com\/es\/politica-de-cookies\/\" \/>\n<meta property=\"og:site_name\" content=\"Polro Estudi d&#039;Art a Lleida | Tallers Creatius amb Paula Olivares\" \/>\n<meta property=\"article:modified_time\" content=\"2025-09-16T17:48:33+00:00\" \/>\n<meta name=\"twitter:card\" content=\"summary_large_image\" \/>\n<meta name=\"twitter:label1\" content=\"Tiempo de lectura\" \/>\n\t<meta name=\"twitter:data1\" content=\"2 minutos\" \/>\n<script type=\"application\/ld+json\" class=\"yoast-schema-graph\">{\"@context\":\"https:\\\/\\\/schema.org\",\"@graph\":[{\"@type\":\"WebPage\",\"@id\":\"https:\\\/\\\/polroestudiart.com\\\/es\\\/politica-de-cookies\\\/\",\"url\":\"https:\\\/\\\/polroestudiart.com\\\/es\\\/politica-de-cookies\\\/\",\"name\":\"Pol\u00edtica de cookies - Tallers Paula Olivares\",\"isPartOf\":{\"@id\":\"https:\\\/\\\/polroestudiart.com\\\/es\\\/#website\"},\"datePublished\":\"2025-07-11T06:07:30+00:00\",\"dateModified\":\"2025-09-16T17:48:33+00:00\",\"breadcrumb\":{\"@id\":\"https:\\\/\\\/polroestudiart.com\\\/es\\\/politica-de-cookies\\\/#breadcrumb\"},\"inLanguage\":\"es\",\"potentialAction\":[{\"@type\":\"ReadAction\",\"target\":[\"https:\\\/\\\/polroestudiart.com\\\/es\\\/politica-de-cookies\\\/\"]}]},{\"@type\":\"BreadcrumbList\",\"@id\":\"https:\\\/\\\/polroestudiart.com\\\/es\\\/politica-de-cookies\\\/#breadcrumb\",\"itemListElement\":[{\"@type\":\"ListItem\",\"position\":1,\"name\":\"Portada\",\"item\":\"https:\\\/\\\/polroestudiart.com\\\/es\\\/\"},{\"@type\":\"ListItem\",\"position\":2,\"name\":\"Pol\u00edtica de cookies\"}]},{\"@type\":\"WebSite\",\"@id\":\"https:\\\/\\\/polroestudiart.com\\\/es\\\/#website\",\"url\":\"https:\\\/\\\/polroestudiart.com\\\/es\\\/\",\"name\":\"Polro Estudi d'Art\",\"description\":\"A POLRO treballem amb passi\u00f3 i dedicaci\u00f3, amb molts ganes d\u2019ensenyar i compartir l\u2019art. Oferim classes de dibuix i pintura per a totes les edats, aix\u00ed com tallers art\u00edstics, en un espai acollidor que inspira i motiva a crear.\",\"publisher\":{\"@id\":\"https:\\\/\\\/polroestudiart.com\\\/es\\\/#\\\/schema\\\/person\\\/6ec2e00e645c12cae5d42b6a567e7552\"},\"potentialAction\":[{\"@type\":\"SearchAction\",\"target\":{\"@type\":\"EntryPoint\",\"urlTemplate\":\"https:\\\/\\\/polroestudiart.com\\\/es\\\/?s={search_term_string}\"},\"query-input\":{\"@type\":\"PropertyValueSpecification\",\"valueRequired\":true,\"valueName\":\"search_term_string\"}}],\"inLanguage\":\"es\"},{\"@type\":[\"Person\",\"Organization\"],\"@id\":\"https:\\\/\\\/polroestudiart.com\\\/es\\\/#\\\/schema\\\/person\\\/6ec2e00e645c12cae5d42b6a567e7552\",\"name\":\"Paula\",\"image\":{\"@type\":\"ImageObject\",\"inLanguage\":\"es\",\"@id\":\"https:\\\/\\\/polroestudiart.com\\\/wp-content\\\/uploads\\\/2025\\\/07\\\/logo-POLRO-dispositius.png\",\"url\":\"https:\\\/\\\/polroestudiart.com\\\/wp-content\\\/uploads\\\/2025\\\/07\\\/logo-POLRO-dispositius.png\",\"contentUrl\":\"https:\\\/\\\/polroestudiart.com\\\/wp-content\\\/uploads\\\/2025\\\/07\\\/logo-POLRO-dispositius.png\",\"width\":150,\"height\":58,\"caption\":\"Paula\"},\"logo\":{\"@id\":\"https:\\\/\\\/polroestudiart.com\\\/wp-content\\\/uploads\\\/2025\\\/07\\\/logo-POLRO-dispositius.png\"},\"sameAs\":[\"http:\\\/\\\/polroestudiart.com\"]}]}<\/script>\n<!-- \/ Yoast SEO plugin. -->","yoast_head_json":{"title":"Pol\u00edtica de cookies - Tallers Paula Olivares","robots":{"index":"noindex","follow":"nofollow"},"og_locale":"es_ES","og_type":"article","og_title":"Pol\u00edtica de cookies - Tallers Paula Olivares","og_description":"[vc_row css_animation=\u00bb\u00bb row_type=\u00bbrow\u00bb use_row_as_full_screen_section=\u00bbno\u00bb type=\u00bbfull_width\u00bb angled_section=\u00bbno\u00bb text_align=\u00bbleft\u00bb background_image_as_pattern=\u00bbwithout_pattern\u00bb][vc_column][vc_column_text css=\u00bb\u00bb] 1. \u00bfQu\u00e9 son las cookies? Las cookies son peque\u00f1os archivos de texto que los sitios web pueden utilizar para hacer m\u00e1s eficiente la experiencia del usuario. La ley establece que podemos almacenar cookies en tu dispositivo...","og_url":"https:\/\/polroestudiart.com\/es\/politica-de-cookies\/","og_site_name":"Polro Estudi d&#039;Art a Lleida | Tallers Creatius amb Paula Olivares","article_modified_time":"2025-09-16T17:48:33+00:00","twitter_card":"summary_large_image","twitter_misc":{"Tiempo de lectura":"2 minutos"},"schema":{"@context":"https:\/\/schema.org","@graph":[{"@type":"WebPage","@id":"https:\/\/polroestudiart.com\/es\/politica-de-cookies\/","url":"https:\/\/polroestudiart.com\/es\/politica-de-cookies\/","name":"Pol\u00edtica de cookies - Tallers Paula Olivares","isPartOf":{"@id":"https:\/\/polroestudiart.com\/es\/#website"},"datePublished":"2025-07-11T06:07:30+00:00","dateModified":"2025-09-16T17:48:33+00:00","breadcrumb":{"@id":"https:\/\/polroestudiart.com\/es\/politica-de-cookies\/#breadcrumb"},"inLanguage":"es","potentialAction":[{"@type":"ReadAction","target":["https:\/\/polroestudiart.com\/es\/politica-de-cookies\/"]}]},{"@type":"BreadcrumbList","@id":"https:\/\/polroestudiart.com\/es\/politica-de-cookies\/#breadcrumb","itemListElement":[{"@type":"ListItem","position":1,"name":"Portada","item":"https:\/\/polroestudiart.com\/es\/"},{"@type":"ListItem","position":2,"name":"Pol\u00edtica de cookies"}]},{"@type":"WebSite","@id":"https:\/\/polroestudiart.com\/es\/#website","url":"https:\/\/polroestudiart.com\/es\/","name":"Polro Estudi d'Art","description":"A POLRO treballem amb passi\u00f3 i dedicaci\u00f3, amb molts ganes d\u2019ensenyar i compartir l\u2019art. Oferim classes de dibuix i pintura per a totes les edats, aix\u00ed com tallers art\u00edstics, en un espai acollidor que inspira i motiva a crear.","publisher":{"@id":"https:\/\/polroestudiart.com\/es\/#\/schema\/person\/6ec2e00e645c12cae5d42b6a567e7552"},"potentialAction":[{"@type":"SearchAction","target":{"@type":"EntryPoint","urlTemplate":"https:\/\/polroestudiart.com\/es\/?s={search_term_string}"},"query-input":{"@type":"PropertyValueSpecification","valueRequired":true,"valueName":"search_term_string"}}],"inLanguage":"es"},{"@type":["Person","Organization"],"@id":"https:\/\/polroestudiart.com\/es\/#\/schema\/person\/6ec2e00e645c12cae5d42b6a567e7552","name":"Paula","image":{"@type":"ImageObject","inLanguage":"es","@id":"https:\/\/polroestudiart.com\/wp-content\/uploads\/2025\/07\/logo-POLRO-dispositius.png","url":"https:\/\/polroestudiart.com\/wp-content\/uploads\/2025\/07\/logo-POLRO-dispositius.png","contentUrl":"https:\/\/polroestudiart.com\/wp-content\/uploads\/2025\/07\/logo-POLRO-dispositius.png","width":150,"height":58,"caption":"Paula"},"logo":{"@id":"https:\/\/polroestudiart.com\/wp-content\/uploads\/2025\/07\/logo-POLRO-dispositius.png"},"sameAs":["http:\/\/polroestudiart.com"]}]}},"_links":{"self":[{"href":"https:\/\/polroestudiart.com\/es\/wp-json\/wp\/v2\/pages\/535","targetHints":{"allow":["GET"]}}],"collection":[{"href":"https:\/\/polroestudiart.com\/es\/wp-json\/wp\/v2\/pages"}],"about":[{"href":"https:\/\/polroestudiart.com\/es\/wp-json\/wp\/v2\/types\/page"}],"author":[{"embeddable":true,"href":"https:\/\/polroestudiart.com\/es\/wp-json\/wp\/v2\/users\/1"}],"replies":[{"embeddable":true,"href":"https:\/\/polroestudiart.com\/es\/wp-json\/wp\/v2\/comments?post=535"}],"version-history":[{"count":1,"href":"https:\/\/polroestudiart.com\/es\/wp-json\/wp\/v2\/pages\/535\/revisions"}],"predecessor-version":[{"id":536,"href":"https:\/\/polroestudiart.com\/es\/wp-json\/wp\/v2\/pages\/535\/revisions\/536"}],"wp:attachment":[{"href":"https:\/\/polroestudiart.com\/es\/wp-json\/wp\/v2\/media?parent=535"}],"curies":[{"name":"wp","href":"https:\/\/api.w.org\/{rel}","templated":true}]}}