{"id":539,"date":"2025-07-10T20:59:00","date_gmt":"2025-07-10T18:59:00","guid":{"rendered":"https:\/\/polroestudiart.com\/politica-de-privacidad\/"},"modified":"2025-09-16T20:10:31","modified_gmt":"2025-09-16T18:10:31","slug":"politica-de-privacidad","status":"publish","type":"page","link":"https:\/\/polroestudiart.com\/es\/politica-de-privacidad\/","title":{"rendered":"Pol\u00edtica de privacidad"},"content":{"rendered":"<div class=\"wpb-content-wrapper\"><p>[vc_row css_animation=\u00bb\u00bb row_type=\u00bbrow\u00bb use_row_as_full_screen_section=\u00bbno\u00bb type=\u00bbfull_width\u00bb angled_section=\u00bbno\u00bb text_align=\u00bbleft\u00bb background_image_as_pattern=\u00bbwithout_pattern\u00bb][vc_column][vc_column_text css=\u00bb\u00bb]<\/p>\r\n<p data-start=\"289\" data-end=\"712\">En cumplimiento de lo que establece el Reglamento (UE) 2016\/679 del Parlamento Europeo y del Consejo, de 27 de abril de 2016 (RGPD), y la Ley Org\u00e1nica 3\/2018, de 5 de diciembre (LOPDGDD), se informa a las personas usuarias del sitio web sobre la pol\u00edtica relativa al tratamiento y protecci\u00f3n de los datos ofrecidos a trav\u00e9s de la web.<\/p>\r\n<h3 data-start=\"714\" data-end=\"747\">1. Responsable del tratamiento<\/h3>\r\n<ul data-start=\"749\" data-end=\"994\">\r\n<li data-start=\"749\" data-end=\"775\">\r\n<p data-start=\"751\" data-end=\"775\"><strong data-start=\"751\" data-end=\"767\">Responsable:<\/strong> Paula<\/p>\r\n<\/li>\r\n<li data-start=\"776\" data-end=\"804\">\r\n<p data-start=\"778\" data-end=\"804\"><strong data-start=\"778\" data-end=\"796\">Nombre comercial:<\/strong> Polro Estudi d&#8217;Art<\/p>\r\n<\/li>\r\n<li data-start=\"805\" data-end=\"827\">\r\n<p data-start=\"807\" data-end=\"827\"><strong data-start=\"807\" data-end=\"815\">NIF:<\/strong> 48251941B<\/p>\r\n<\/li>\r\n<li data-start=\"828\" data-end=\"869\">\r\n<p data-start=\"830\" data-end=\"869\"><strong data-start=\"830\" data-end=\"843\">Domicilio:<\/strong> C\/ Mart\u00ed Gralla, n\u00fam. 4<\/p>\r\n<\/li>\r\n<li data-start=\"870\" data-end=\"920\">\r\n<p data-start=\"872\" data-end=\"920\"><strong data-start=\"872\" data-end=\"894\">Correo electr\u00f3nico:<\/strong> <a class=\"cursor-pointer\" rel=\"noopener\" data-start=\"895\" data-end=\"918\">paulaolro.art@gmail.com<\/a><\/p>\r\n<\/li>\r\n<li data-start=\"921\" data-end=\"994\">\r\n<p data-start=\"923\" data-end=\"994\"><strong data-start=\"923\" data-end=\"938\">Dominio web:<\/strong> <a class=\"\" href=\"http:\/\/www.polroestudiart.com\" target=\"_new\" rel=\"noopener\" data-start=\"939\" data-end=\"994\">www.polroestudiart.com<\/a><\/p>\r\n<\/li>\r\n<\/ul>\r\n<h3 data-start=\"996\" data-end=\"1024\">2. Datos que se recopilan<\/h3>\r\n<p data-start=\"1026\" data-end=\"1093\">Recogemos datos de car\u00e1cter personal a trav\u00e9s de los siguientes medios:<\/p>\r\n<ul data-start=\"1095\" data-end=\"1298\">\r\n<li data-start=\"1095\" data-end=\"1154\">\r\n<p data-start=\"1097\" data-end=\"1154\">Formularios de contacto (nombre, correo electr\u00f3nico, mensaje)<\/p>\r\n<\/li>\r\n<li data-start=\"1155\" data-end=\"1190\">\r\n<p data-start=\"1157\" data-end=\"1190\">Comunicaci\u00f3n por correo electr\u00f3nico<\/p>\r\n<\/li>\r\n<li data-start=\"1191\" data-end=\"1298\">\r\n<p data-start=\"1193\" data-end=\"1298\">Navegaci\u00f3n por el sitio web (datos recogidos autom\u00e1ticamente, como direcci\u00f3n IP, navegador, tiempo de visita, etc.)<\/p>\r\n<\/li>\r\n<\/ul>\r\n<p data-start=\"1300\" data-end=\"1413\">Estos datos son facilitados voluntariamente por las personas interesadas y se tratar\u00e1n de forma confidencial.<\/p>\r\n<h3 data-start=\"1415\" data-end=\"1446\">3. Finalidad del tractamiento<\/h3>\r\n<p data-start=\"1448\" data-end=\"1510\">Los datos recogidos se tratar\u00e1n con las siguientes finalidades:<\/p>\r\n<ul data-start=\"1512\" data-end=\"1718\">\r\n<li data-start=\"1512\" data-end=\"1561\">\r\n<p data-start=\"1514\" data-end=\"1561\">Responder consultas o solicitudes de informaci\u00f3n<\/p>\r\n<\/li>\r\n<li data-start=\"1562\" data-end=\"1635\">\r\n<p data-start=\"1564\" data-end=\"1635\">Enviar informaci\u00f3n sobre servicios o novedades (si se solicita expl\u00edcitamente)<\/p>\r\n<\/li>\r\n<li data-start=\"1636\" data-end=\"1684\">\r\n<p data-start=\"1638\" data-end=\"1684\">Mejorar la navegaci\u00f3n y experiencia de usuario<\/p>\r\n<\/li>\r\n<li data-start=\"1685\" data-end=\"1718\">\r\n<p data-start=\"1687\" data-end=\"1718\">Cumplimiento de obligaciones legales<\/p>\r\n<\/li>\r\n<\/ul>\r\n<h3 data-start=\"1720\" data-end=\"1755\">4. Base legal para el tratamiento<\/h3>\r\n<p data-start=\"1757\" data-end=\"1913\">Los datos se tratan sobre la base del consentimiento expreso de la persona interesada, as\u00ed como por la ejecuci\u00f3n de servicios solicitados o por obligaci\u00f3n legal.<\/p>\r\n<h3 data-start=\"1915\" data-end=\"1946\">5. Conservaci\u00f3n de los datos<\/h3>\r\n<p data-start=\"1948\" data-end=\"2141\">Los datos personales se conservar\u00e1n mientras sean necesarios para la finalidad por la que fueron recogidos o mientras no se solicite su supresi\u00f3n, y durante los plazos legales exigidos.<\/p>\r\n<h3 data-start=\"2143\" data-end=\"2180\">6. Comunicaci\u00f3n de datos a terceros<\/h3>\r\n<p data-start=\"2182\" data-end=\"2401\">No se comunicar\u00e1n datos personales a terceros, salvo obligaci\u00f3n legal o si es necesario para prestar el servicio (ej: proveedores de servicios tecnol\u00f3gicos con los que se tenga contrato de confidencialidad y tratamiento de datos).<\/p>\r\n<h3 data-start=\"2403\" data-end=\"2440\">7. Derechos de las personas usuarias<\/h3>\r\n<p data-start=\"2442\" data-end=\"2454\">Tienes derecho a:<\/p>\r\n<ul data-start=\"2456\" data-end=\"2639\">\r\n<li data-start=\"2456\" data-end=\"2493\">\r\n<p data-start=\"2458\" data-end=\"2493\">Acceder a tus datos personales<\/p>\r\n<\/li>\r\n<li data-start=\"2494\" data-end=\"2527\">\r\n<p data-start=\"2496\" data-end=\"2527\">Rectificarlas si son inexactas<\/p>\r\n<\/li>\r\n<li data-start=\"2528\" data-end=\"2557\">\r\n<p data-start=\"2530\" data-end=\"2557\">Solicitar su supresi\u00f3n<\/p>\r\n<\/li>\r\n<li data-start=\"2558\" data-end=\"2596\">\r\n<p data-start=\"2560\" data-end=\"2596\">Limitar u oponerte al tratamiento<\/p>\r\n<\/li>\r\n<li data-start=\"2597\" data-end=\"2639\">\r\n<p data-start=\"2599\" data-end=\"2639\">Solicitar la portabilidad de los datos<\/p>\r\n<\/li>\r\n<\/ul>\r\n<p data-start=\"2641\" data-end=\"2808\">Para ejercitar estos derechos puedes enviar una solicitud a:<br data-start=\"2697\" data-end=\"2700\">\ud83d\udce7 <strong data-start=\"2703\" data-end=\"2730\"><a class=\"cursor-pointer\" rel=\"noopener\" data-start=\"2705\" data-end=\"2728\">paulaolro.art@gmail.com<\/a><\/strong><br data-start=\"2730\" data-end=\"2733\">Acompa\u00f1ando una copia de tu DNI o documento equivalente para identificarte.<\/p>\r\n<p data-start=\"2810\" data-end=\"2994\">Tambi\u00e9n tienes derecho a presentar una reclamaci\u00f3n ante la <strong data-start=\"2862\" data-end=\"2905\">Agencia Espa\u00f1ola de Protecci\u00f3n de Datos<\/strong> si consideras que tus derechos no han sido atendidos: <a class=\"\" href=\"https:\/\/www.aepd.es\" target=\"_new\" rel=\"noopener\" data-start=\"2960\" data-end=\"2994\">www.aepd.es<\/a><\/p>\r\n<h3 data-start=\"2996\" data-end=\"3023\">8. Medidas de seguridad<\/h3>\r\n<p data-start=\"3025\" data-end=\"3201\">Polro adopta las medidas t\u00e9cnicas y organizativas necesarias para garantizar la seguridad y confidencialidad de los datos, evitando su alteraci\u00f3n, p\u00e9rdida o acceso no autorizado.<\/p>\r\n<p> <\/p>\r\n<p>[\/vc_column_text][\/vc_column][\/vc_row]<\/p><!-- \/wp:post-content --><\/div>","protected":false},"excerpt":{"rendered":"<p>[vc_row css_animation=\u00bb\u00bb row_type=\u00bbrow\u00bb use_row_as_full_screen_section=\u00bbno\u00bb type=\u00bbfull_width\u00bb angled_section=\u00bbno\u00bb text_align=\u00bbleft\u00bb background_image_as_pattern=\u00bbwithout_pattern\u00bb][vc_column][vc_column_text css=\u00bb\u00bb] En cumplimiento de lo que establece el Reglamento (UE) 2016\/679 del Parlamento Europeo y del Consejo, de 27 de abril de 2016 (RGPD), y la Ley Org\u00e1nica 3\/2018, de 5 de diciembre (LOPDGDD), se informa a&#8230;<\/p>\n","protected":false},"author":1,"featured_media":0,"parent":0,"menu_order":0,"comment_status":"closed","ping_status":"closed","template":"","meta":{"footnotes":""},"class_list":["post-539","page","type-page","status-publish","hentry"],"yoast_head":"<!-- This site is optimized with the Yoast SEO plugin v27.3 - https:\/\/yoast.com\/product\/yoast-seo-wordpress\/ -->\n<title>Pol\u00edtica de privacidad - Tallers Paula Olivares<\/title>\n<meta name=\"robots\" content=\"noindex, nofollow\" \/>\n<meta property=\"og:locale\" content=\"es_ES\" \/>\n<meta property=\"og:type\" content=\"article\" \/>\n<meta property=\"og:title\" content=\"Pol\u00edtica de privacidad - Tallers Paula Olivares\" \/>\n<meta property=\"og:description\" content=\"[vc_row css_animation=\u00bb\u00bb row_type=\u00bbrow\u00bb use_row_as_full_screen_section=\u00bbno\u00bb type=\u00bbfull_width\u00bb angled_section=\u00bbno\u00bb text_align=\u00bbleft\u00bb background_image_as_pattern=\u00bbwithout_pattern\u00bb][vc_column][vc_column_text css=\u00bb\u00bb] En cumplimiento de lo que establece el Reglamento (UE) 2016\/679 del Parlamento Europeo y del Consejo, de 27 de abril de 2016 (RGPD), y la Ley Org\u00e1nica 3\/2018, de 5 de diciembre (LOPDGDD), se informa a...\" \/>\n<meta property=\"og:url\" content=\"https:\/\/polroestudiart.com\/es\/politica-de-privacidad\/\" \/>\n<meta property=\"og:site_name\" content=\"Polro Estudi d&#039;Art a Lleida | Tallers Creatius amb Paula Olivares\" \/>\n<meta property=\"article:modified_time\" content=\"2025-09-16T18:10:31+00:00\" \/>\n<meta name=\"twitter:card\" content=\"summary_large_image\" \/>\n<meta name=\"twitter:label1\" content=\"Tiempo de lectura\" \/>\n\t<meta name=\"twitter:data1\" content=\"2 minutos\" \/>\n<script type=\"application\/ld+json\" class=\"yoast-schema-graph\">{\"@context\":\"https:\\\/\\\/schema.org\",\"@graph\":[{\"@type\":\"WebPage\",\"@id\":\"https:\\\/\\\/polroestudiart.com\\\/es\\\/politica-de-privacidad\\\/\",\"url\":\"https:\\\/\\\/polroestudiart.com\\\/es\\\/politica-de-privacidad\\\/\",\"name\":\"Pol\u00edtica de privacidad - Tallers Paula Olivares\",\"isPartOf\":{\"@id\":\"https:\\\/\\\/polroestudiart.com\\\/es\\\/#website\"},\"datePublished\":\"2025-07-10T18:59:00+00:00\",\"dateModified\":\"2025-09-16T18:10:31+00:00\",\"breadcrumb\":{\"@id\":\"https:\\\/\\\/polroestudiart.com\\\/es\\\/politica-de-privacidad\\\/#breadcrumb\"},\"inLanguage\":\"es\",\"potentialAction\":[{\"@type\":\"ReadAction\",\"target\":[\"https:\\\/\\\/polroestudiart.com\\\/es\\\/politica-de-privacidad\\\/\"]}]},{\"@type\":\"BreadcrumbList\",\"@id\":\"https:\\\/\\\/polroestudiart.com\\\/es\\\/politica-de-privacidad\\\/#breadcrumb\",\"itemListElement\":[{\"@type\":\"ListItem\",\"position\":1,\"name\":\"Portada\",\"item\":\"https:\\\/\\\/polroestudiart.com\\\/es\\\/\"},{\"@type\":\"ListItem\",\"position\":2,\"name\":\"Pol\u00edtica de privacidad\"}]},{\"@type\":\"WebSite\",\"@id\":\"https:\\\/\\\/polroestudiart.com\\\/es\\\/#website\",\"url\":\"https:\\\/\\\/polroestudiart.com\\\/es\\\/\",\"name\":\"Polro Estudi d'Art\",\"description\":\"A POLRO treballem amb passi\u00f3 i dedicaci\u00f3, amb molts ganes d\u2019ensenyar i compartir l\u2019art. Oferim classes de dibuix i pintura per a totes les edats, aix\u00ed com tallers art\u00edstics, en un espai acollidor que inspira i motiva a crear.\",\"publisher\":{\"@id\":\"https:\\\/\\\/polroestudiart.com\\\/es\\\/#\\\/schema\\\/person\\\/6ec2e00e645c12cae5d42b6a567e7552\"},\"potentialAction\":[{\"@type\":\"SearchAction\",\"target\":{\"@type\":\"EntryPoint\",\"urlTemplate\":\"https:\\\/\\\/polroestudiart.com\\\/es\\\/?s={search_term_string}\"},\"query-input\":{\"@type\":\"PropertyValueSpecification\",\"valueRequired\":true,\"valueName\":\"search_term_string\"}}],\"inLanguage\":\"es\"},{\"@type\":[\"Person\",\"Organization\"],\"@id\":\"https:\\\/\\\/polroestudiart.com\\\/es\\\/#\\\/schema\\\/person\\\/6ec2e00e645c12cae5d42b6a567e7552\",\"name\":\"Paula\",\"image\":{\"@type\":\"ImageObject\",\"inLanguage\":\"es\",\"@id\":\"https:\\\/\\\/polroestudiart.com\\\/wp-content\\\/uploads\\\/2025\\\/07\\\/logo-POLRO-dispositius.png\",\"url\":\"https:\\\/\\\/polroestudiart.com\\\/wp-content\\\/uploads\\\/2025\\\/07\\\/logo-POLRO-dispositius.png\",\"contentUrl\":\"https:\\\/\\\/polroestudiart.com\\\/wp-content\\\/uploads\\\/2025\\\/07\\\/logo-POLRO-dispositius.png\",\"width\":150,\"height\":58,\"caption\":\"Paula\"},\"logo\":{\"@id\":\"https:\\\/\\\/polroestudiart.com\\\/wp-content\\\/uploads\\\/2025\\\/07\\\/logo-POLRO-dispositius.png\"},\"sameAs\":[\"http:\\\/\\\/polroestudiart.com\"]}]}<\/script>\n<!-- \/ Yoast SEO plugin. -->","yoast_head_json":{"title":"Pol\u00edtica de privacidad - Tallers Paula Olivares","robots":{"index":"noindex","follow":"nofollow"},"og_locale":"es_ES","og_type":"article","og_title":"Pol\u00edtica de privacidad - Tallers Paula Olivares","og_description":"[vc_row css_animation=\u00bb\u00bb row_type=\u00bbrow\u00bb use_row_as_full_screen_section=\u00bbno\u00bb type=\u00bbfull_width\u00bb angled_section=\u00bbno\u00bb text_align=\u00bbleft\u00bb background_image_as_pattern=\u00bbwithout_pattern\u00bb][vc_column][vc_column_text css=\u00bb\u00bb] En cumplimiento de lo que establece el Reglamento (UE) 2016\/679 del Parlamento Europeo y del Consejo, de 27 de abril de 2016 (RGPD), y la Ley Org\u00e1nica 3\/2018, de 5 de diciembre (LOPDGDD), se informa a...","og_url":"https:\/\/polroestudiart.com\/es\/politica-de-privacidad\/","og_site_name":"Polro Estudi d&#039;Art a Lleida | Tallers Creatius amb Paula Olivares","article_modified_time":"2025-09-16T18:10:31+00:00","twitter_card":"summary_large_image","twitter_misc":{"Tiempo de lectura":"2 minutos"},"schema":{"@context":"https:\/\/schema.org","@graph":[{"@type":"WebPage","@id":"https:\/\/polroestudiart.com\/es\/politica-de-privacidad\/","url":"https:\/\/polroestudiart.com\/es\/politica-de-privacidad\/","name":"Pol\u00edtica de privacidad - Tallers Paula Olivares","isPartOf":{"@id":"https:\/\/polroestudiart.com\/es\/#website"},"datePublished":"2025-07-10T18:59:00+00:00","dateModified":"2025-09-16T18:10:31+00:00","breadcrumb":{"@id":"https:\/\/polroestudiart.com\/es\/politica-de-privacidad\/#breadcrumb"},"inLanguage":"es","potentialAction":[{"@type":"ReadAction","target":["https:\/\/polroestudiart.com\/es\/politica-de-privacidad\/"]}]},{"@type":"BreadcrumbList","@id":"https:\/\/polroestudiart.com\/es\/politica-de-privacidad\/#breadcrumb","itemListElement":[{"@type":"ListItem","position":1,"name":"Portada","item":"https:\/\/polroestudiart.com\/es\/"},{"@type":"ListItem","position":2,"name":"Pol\u00edtica de privacidad"}]},{"@type":"WebSite","@id":"https:\/\/polroestudiart.com\/es\/#website","url":"https:\/\/polroestudiart.com\/es\/","name":"Polro Estudi d'Art","description":"A POLRO treballem amb passi\u00f3 i dedicaci\u00f3, amb molts ganes d\u2019ensenyar i compartir l\u2019art. Oferim classes de dibuix i pintura per a totes les edats, aix\u00ed com tallers art\u00edstics, en un espai acollidor que inspira i motiva a crear.","publisher":{"@id":"https:\/\/polroestudiart.com\/es\/#\/schema\/person\/6ec2e00e645c12cae5d42b6a567e7552"},"potentialAction":[{"@type":"SearchAction","target":{"@type":"EntryPoint","urlTemplate":"https:\/\/polroestudiart.com\/es\/?s={search_term_string}"},"query-input":{"@type":"PropertyValueSpecification","valueRequired":true,"valueName":"search_term_string"}}],"inLanguage":"es"},{"@type":["Person","Organization"],"@id":"https:\/\/polroestudiart.com\/es\/#\/schema\/person\/6ec2e00e645c12cae5d42b6a567e7552","name":"Paula","image":{"@type":"ImageObject","inLanguage":"es","@id":"https:\/\/polroestudiart.com\/wp-content\/uploads\/2025\/07\/logo-POLRO-dispositius.png","url":"https:\/\/polroestudiart.com\/wp-content\/uploads\/2025\/07\/logo-POLRO-dispositius.png","contentUrl":"https:\/\/polroestudiart.com\/wp-content\/uploads\/2025\/07\/logo-POLRO-dispositius.png","width":150,"height":58,"caption":"Paula"},"logo":{"@id":"https:\/\/polroestudiart.com\/wp-content\/uploads\/2025\/07\/logo-POLRO-dispositius.png"},"sameAs":["http:\/\/polroestudiart.com"]}]}},"_links":{"self":[{"href":"https:\/\/polroestudiart.com\/es\/wp-json\/wp\/v2\/pages\/539","targetHints":{"allow":["GET"]}}],"collection":[{"href":"https:\/\/polroestudiart.com\/es\/wp-json\/wp\/v2\/pages"}],"about":[{"href":"https:\/\/polroestudiart.com\/es\/wp-json\/wp\/v2\/types\/page"}],"author":[{"embeddable":true,"href":"https:\/\/polroestudiart.com\/es\/wp-json\/wp\/v2\/users\/1"}],"replies":[{"embeddable":true,"href":"https:\/\/polroestudiart.com\/es\/wp-json\/wp\/v2\/comments?post=539"}],"version-history":[{"count":1,"href":"https:\/\/polroestudiart.com\/es\/wp-json\/wp\/v2\/pages\/539\/revisions"}],"predecessor-version":[{"id":540,"href":"https:\/\/polroestudiart.com\/es\/wp-json\/wp\/v2\/pages\/539\/revisions\/540"}],"wp:attachment":[{"href":"https:\/\/polroestudiart.com\/es\/wp-json\/wp\/v2\/media?parent=539"}],"curies":[{"name":"wp","href":"https:\/\/api.w.org\/{rel}","templated":true}]}}